{"id":1229,"date":"2021-08-18T15:26:24","date_gmt":"2021-08-18T13:26:24","guid":{"rendered":"https:\/\/www.stadtzeitung-fuerth.de\/?page_id=1229"},"modified":"2024-11-06T15:29:37","modified_gmt":"2024-11-06T14:29:37","slug":"kleinanzeigen-gewerblich","status":"publish","type":"page","link":"https:\/\/www.infue.de\/index.php\/kleinanzeige-aufgeben\/kleinanzeigen-gewerblich\/","title":{"rendered":"Kleinanzeigen gewerblich"},"content":{"rendered":"\n<style type=\"text\/css\" data-created_by=\"avia_inline_auto\" id=\"style-css-av-av_two_third-15d750bd1b332b34c6e70b077ebbccdf\">\n.flex_column.av-av_two_third-15d750bd1b332b34c6e70b077ebbccdf{\nborder-radius:0px 0px 0px 0px;\npadding:0px 0px 0px 0px;\n}\n<\/style>\n<div  class='flex_column av-av_two_third-15d750bd1b332b34c6e70b077ebbccdf av_two_third  avia-builder-el-0  el_before_av_one_third  avia-builder-el-first  first flex_column_div av-zero-column-padding  '     ><section  class='av_textblock_section av-av_textblock-2de302bf1aa3cf4c9157dbe6f50ac7eb '   itemscope=\"itemscope\" itemtype=\"https:\/\/schema.org\/CreativeWork\" ><div class='avia_textblock'  itemprop=\"text\" ><h1><span style=\"color: #00987a;\">So k\u00f6nnen Sie Anzeigen schalten<\/span><\/h1>\n<p>Bitte f\u00fcllen Sie das Onlineformular vollst\u00e4ndig aus. Sie erhalten von uns eine Best\u00e4tigung und Rechnung per E-Mail.<\/p>\n<p>Sie k\u00f6nnen uns Ihren Anzeigentext gerne per E-Mail an <strong>anzeigen@herbstkind-wa.de<\/strong> senden, Kosteninformation erhalten Sie von uns per E-Mail zur Best\u00e4tigung.<\/p>\n<h3>Gewerbliche Kleinanzeigen<\/h3>\n<p>Gewerbliche Kleinanzeigen haben keinen privaten oder Gelegenheitscharakter. Wenn Sie als Privatperson regelm\u00e4\u00dfig Leistungen oder Artikel in gr\u00f6\u00dferen Mengen anbieten, handeln sie ebenfalls gewerblich. Vermietung und Verpachtung gelten ebenfalls als gewerbliche Anzeigen.<\/p>\n<p>bis 4 Zeilen 13,11 \u20ac netto (15,60 \u20ac inkl. MwSt.)<br \/>\njede weitere Zeile 3,50 \u20ac inkl. MwSt.<\/p>\n<p><strong>Abrechnung:<\/strong><br \/>\nUnsere Buchhaltung rechnet ca. einmal im Quartal die Kleinanzeigen ab, d.h. Sie erhalten Ihre Rechnung innerhalb dieses Zeitraums und k\u00f6nnen anschlie\u00dfend \u00fcberweisen.<\/p>\n\n<div class=\"wpcf7 no-js\" id=\"wpcf7-f1241-o1\" lang=\"de-DE\" dir=\"ltr\" data-wpcf7-id=\"1241\">\n<div class=\"screen-reader-response\"><p role=\"status\" aria-live=\"polite\" aria-atomic=\"true\"><\/p> <ul><\/ul><\/div>\n<form action=\"\/index.php\/wp-json\/wp\/v2\/pages\/1229#wpcf7-f1241-o1\" method=\"post\" class=\"wpcf7-form init\" aria-label=\"Kontaktformular\" novalidate=\"novalidate\" data-status=\"init\">\n<fieldset class=\"hidden-fields-container\"><input type=\"hidden\" name=\"_wpcf7\" value=\"1241\" \/><input type=\"hidden\" name=\"_wpcf7_version\" value=\"6.1.3\" \/><input type=\"hidden\" name=\"_wpcf7_locale\" value=\"de_DE\" \/><input type=\"hidden\" name=\"_wpcf7_unit_tag\" value=\"wpcf7-f1241-o1\" \/><input type=\"hidden\" name=\"_wpcf7_container_post\" value=\"0\" \/><input type=\"hidden\" name=\"_wpcf7_posted_data_hash\" value=\"\" \/>\n<\/fieldset>\n<style type=\"text\/css\">.wpcf7-list-item-label {font-size:0.8rem;color:black;line-height:1.4;}\n<\/style>\n<p>Firma:\n<\/p>\n<p><span class=\"wpcf7-form-control-wrap\" data-name=\"your-company\"><input size=\"40\" maxlength=\"400\" class=\"wpcf7-form-control wpcf7-text\" aria-invalid=\"false\" value=\"\" type=\"text\" name=\"your-company\" \/><\/span>\n<\/p>\n<p><span id=\"wpcf7-69f54f064d496-wrapper\" class=\"wpcf7-form-control-wrap firma-wrap\" ><label for=\"wpcf7-69f54f064d496-field\" class=\"hp-message\">Bitte lasse dieses Feld leer.<\/label><input id=\"wpcf7-69f54f064d496-field\"  class=\"wpcf7-form-control wpcf7-text\" type=\"text\" name=\"firma\" value=\"\" size=\"40\" tabindex=\"-1\" autocomplete=\"off\" \/><\/span>\n<\/p>\n<p>Vorname:*\n<\/p>\n<p><span class=\"wpcf7-form-control-wrap\" data-name=\"your-firstname\"><input size=\"40\" maxlength=\"400\" class=\"wpcf7-form-control wpcf7-text wpcf7-validates-as-required\" aria-required=\"true\" aria-invalid=\"false\" value=\"\" type=\"text\" name=\"your-firstname\" \/><\/span>\n<\/p>\n<p><span id=\"wpcf7-69f54f064d55c-wrapper\" class=\"wpcf7-form-control-wrap vorname-wrap\" ><label for=\"wpcf7-69f54f064d55c-field\" class=\"hp-message\">Bitte lasse dieses Feld leer.<\/label><input id=\"wpcf7-69f54f064d55c-field\"  class=\"wpcf7-form-control wpcf7-text\" type=\"text\" name=\"vorname\" value=\"\" size=\"40\" tabindex=\"-1\" autocomplete=\"off\" \/><\/span>\n<\/p>\n<p>Name:*\n<\/p>\n<p><span class=\"wpcf7-form-control-wrap\" data-name=\"your-name\"><input size=\"40\" maxlength=\"400\" class=\"wpcf7-form-control wpcf7-text wpcf7-validates-as-required\" aria-required=\"true\" aria-invalid=\"false\" value=\"\" type=\"text\" name=\"your-name\" \/><\/span>\n<\/p>\n<p>Stra\u00dfe\/Nr.:*\n<\/p>\n<p><span class=\"wpcf7-form-control-wrap\" data-name=\"your-street\"><input size=\"40\" maxlength=\"400\" class=\"wpcf7-form-control wpcf7-text wpcf7-validates-as-required\" aria-required=\"true\" aria-invalid=\"false\" value=\"\" type=\"text\" name=\"your-street\" \/><\/span>\n<\/p>\n<p><span id=\"wpcf7-69f54f064d627-wrapper\" class=\"wpcf7-form-control-wrap strasse-wrap\" ><label for=\"wpcf7-69f54f064d627-field\" class=\"hp-message\">Bitte lasse dieses Feld leer.<\/label><input id=\"wpcf7-69f54f064d627-field\"  class=\"wpcf7-form-control wpcf7-text\" type=\"text\" name=\"strasse\" value=\"\" size=\"40\" tabindex=\"-1\" autocomplete=\"off\" \/><\/span>\n<\/p>\n<p>PLZ:*\n<\/p>\n<p><span class=\"wpcf7-form-control-wrap\" data-name=\"your-zipcode\"><input size=\"40\" maxlength=\"400\" class=\"wpcf7-form-control wpcf7-text wpcf7-validates-as-required\" aria-required=\"true\" aria-invalid=\"false\" value=\"\" type=\"text\" name=\"your-zipcode\" \/><\/span>\n<\/p>\n<p>Ort:*\n<\/p>\n<p><span class=\"wpcf7-form-control-wrap\" data-name=\"your-city\"><input size=\"40\" maxlength=\"400\" class=\"wpcf7-form-control wpcf7-text wpcf7-validates-as-required\" aria-required=\"true\" aria-invalid=\"false\" value=\"\" type=\"text\" name=\"your-city\" \/><\/span>\n<\/p>\n<p>Telefon:*\n<\/p>\n<p><span class=\"wpcf7-form-control-wrap\" data-name=\"your-phone\"><input size=\"40\" maxlength=\"400\" class=\"wpcf7-form-control wpcf7-text wpcf7-validates-as-required\" aria-required=\"true\" aria-invalid=\"false\" value=\"\" type=\"text\" name=\"your-phone\" \/><\/span>\n<\/p>\n<p><span id=\"wpcf7-69f54f064d712-wrapper\" class=\"wpcf7-form-control-wrap telefon-wrap\" ><label for=\"wpcf7-69f54f064d712-field\" class=\"hp-message\">Bitte lasse dieses Feld leer.<\/label><input id=\"wpcf7-69f54f064d712-field\"  class=\"wpcf7-form-control wpcf7-text\" type=\"text\" name=\"telefon\" value=\"\" size=\"40\" tabindex=\"-1\" autocomplete=\"off\" \/><\/span>\n<\/p>\n<p>Fax:\n<\/p>\n<p><span class=\"wpcf7-form-control-wrap\" data-name=\"your-fax\"><input size=\"40\" maxlength=\"400\" class=\"wpcf7-form-control wpcf7-text\" aria-invalid=\"false\" value=\"\" type=\"text\" name=\"your-fax\" \/><\/span>\n<\/p>\n<p>E-Mail:*\n<\/p>\n<p><span class=\"wpcf7-form-control-wrap\" data-name=\"your-email\"><input size=\"40\" maxlength=\"400\" class=\"wpcf7-form-control wpcf7-email wpcf7-validates-as-required wpcf7-text wpcf7-validates-as-email\" aria-required=\"true\" aria-invalid=\"false\" value=\"\" type=\"email\" name=\"your-email\" \/><\/span>\n<\/p>\n<p>Rubrik:*\n<\/p>\n<p><span class=\"wpcf7-form-control-wrap\" data-name=\"Rubrik\"><select class=\"wpcf7-form-control wpcf7-select wpcf7-validates-as-required\" aria-required=\"true\" aria-invalid=\"false\" name=\"Rubrik\"><option value=\"\">&#8211; Bitte ausw\u00e4hlen &#8211;<\/option><option value=\"Automobile\/KFZ\">Automobile\/KFZ<\/option><option value=\"Vermietung\">Vermietung<\/option><option value=\"Stellenangebote\">Stellenangebote<\/option><option value=\"Gesch\u00e4ftsempfehlungen\">Gesch\u00e4ftsempfehlungen<\/option><option value=\"Kaufe\/Verkaufe\">Kaufe\/Verkaufe<\/option><option value=\"Gesundheit &amp; Wellness\">Gesundheit &amp; Wellness<\/option><option value=\"Verschiedenes\">Verschiedenes<\/option><option value=\"Unterricht\">Unterricht<\/option><option value=\"Sport\">Sport<\/option><option value=\"Treffpunkt\">Treffpunkt<\/option><option value=\"Marktplatz\">Marktplatz<\/option><option value=\"Immobilien\">Immobilien<\/option><\/select><\/span>\n<\/p>\n<p>Erscheinung:*\n<\/p>\n<p><span class=\"wpcf7-form-control-wrap\" data-name=\"Erscheinung\"><select class=\"wpcf7-form-control wpcf7-select wpcf7-validates-as-required\" aria-required=\"true\" aria-invalid=\"false\" name=\"Erscheinung\"><option value=\"Einmalig\">Einmalig<\/option><option value=\"2-mal\">2-mal<\/option><option value=\"3-mal\">3-mal<\/option><option value=\"4-mal\">4-mal<\/option><option value=\"regelm\u00e4\u00dfig jede Ausgabe\">regelm\u00e4\u00dfig jede Ausgabe<\/option><\/select><\/span>\n<\/p>\n<p><span id=\"wpcf7-69f54f064d94e-wrapper\" class=\"wpcf7-form-control-wrap erscheinung-wrap\" ><label for=\"wpcf7-69f54f064d94e-field\" class=\"hp-message\">Bitte lasse dieses Feld leer.<\/label><input id=\"wpcf7-69f54f064d94e-field\"  class=\"wpcf7-form-control wpcf7-text\" type=\"text\" name=\"erscheinung\" value=\"\" size=\"40\" tabindex=\"-1\" autocomplete=\"off\" \/><\/span>\n<\/p>\n<p>Ausgabe:*\n<\/p>\n<p><span class=\"wpcf7-form-control-wrap\" data-name=\"Ausgabe\"><input size=\"40\" maxlength=\"400\" class=\"wpcf7-form-control wpcf7-text wpcf7-validates-as-required\" aria-required=\"true\" aria-invalid=\"false\" placeholder=\"Bitte eintragen\" value=\"\" type=\"text\" name=\"Ausgabe\" \/><\/span>\n<\/p>\n<p>1. Zeile:\n<\/p>\n<p><span class=\"wpcf7-form-control-wrap\" data-name=\"Zeile1\"><input size=\"40\" maxlength=\"30\" class=\"wpcf7-form-control wpcf7-text\" aria-invalid=\"false\" placeholder=\"30 Zeichen ergeben eine abgerechnete Zeile\" value=\"\" type=\"text\" name=\"Zeile1\" \/><\/span>\n<\/p>\n<p>2. Zeile:\n<\/p>\n<p><span class=\"wpcf7-form-control-wrap\" data-name=\"Zeile2\"><input size=\"40\" maxlength=\"30\" class=\"wpcf7-form-control wpcf7-text\" aria-invalid=\"false\" placeholder=\"30 Zeichen ergeben eine abgerechnete Zeile\" value=\"\" type=\"text\" name=\"Zeile2\" \/><\/span>\n<\/p>\n<p>3. Zeile:\n<\/p>\n<p><span class=\"wpcf7-form-control-wrap\" data-name=\"Zeile3\"><input size=\"40\" maxlength=\"30\" class=\"wpcf7-form-control wpcf7-text\" aria-invalid=\"false\" placeholder=\"30 Zeichen ergeben eine abgerechnete Zeile\" value=\"\" type=\"text\" name=\"Zeile3\" \/><\/span>\n<\/p>\n<p>4. Zeile:\n<\/p>\n<p><span class=\"wpcf7-form-control-wrap\" data-name=\"Zeile4\"><input size=\"40\" maxlength=\"30\" class=\"wpcf7-form-control wpcf7-text\" aria-invalid=\"false\" placeholder=\"30 Zeichen ergeben eine abgerechnete Zeile\" value=\"\" type=\"text\" name=\"Zeile4\" \/><\/span>\n<\/p>\n<p>5. Zeile:\n<\/p>\n<p><span class=\"wpcf7-form-control-wrap\" data-name=\"Zeile5\"><input size=\"40\" maxlength=\"30\" class=\"wpcf7-form-control wpcf7-text\" aria-invalid=\"false\" placeholder=\"30 Zeichen ergeben eine abgerechnete Zeile\" value=\"\" type=\"text\" name=\"Zeile5\" \/><\/span>\n<\/p>\n<p>6. Zeile:\n<\/p>\n<p><span class=\"wpcf7-form-control-wrap\" data-name=\"Zeile6\"><input size=\"40\" maxlength=\"30\" class=\"wpcf7-form-control wpcf7-text\" aria-invalid=\"false\" placeholder=\"30 Zeichen ergeben eine abgerechnete Zeile\" value=\"\" type=\"text\" name=\"Zeile6\" \/><\/span>\n<\/p>\n<p>7. Zeile:\n<\/p>\n<p><span class=\"wpcf7-form-control-wrap\" data-name=\"Zeile7\"><input size=\"40\" maxlength=\"30\" class=\"wpcf7-form-control wpcf7-text\" aria-invalid=\"false\" placeholder=\"30 Zeichen ergeben eine abgerechnete Zeile\" value=\"\" type=\"text\" name=\"Zeile7\" \/><\/span>\n<\/p>\n<p>8. Zeile:\n<\/p>\n<p><span class=\"wpcf7-form-control-wrap\" data-name=\"Zeile8\"><input size=\"40\" maxlength=\"30\" class=\"wpcf7-form-control wpcf7-text\" aria-invalid=\"false\" placeholder=\"30 Zeichen ergeben eine abgerechnete Zeile\" value=\"\" type=\"text\" name=\"Zeile8\" \/><\/span>\n<\/p>\n<p>9. Zeile:\n<\/p>\n<p><span class=\"wpcf7-form-control-wrap\" data-name=\"Zeile9\"><input size=\"40\" maxlength=\"30\" class=\"wpcf7-form-control wpcf7-text\" aria-invalid=\"false\" placeholder=\"30 Zeichen ergeben eine abgerechnete Zeile\" value=\"\" type=\"text\" name=\"Zeile9\" \/><\/span>\n<\/p>\n<p>10. Zeile:\n<\/p>\n<p><span class=\"wpcf7-form-control-wrap\" data-name=\"Zeile10\"><input size=\"40\" maxlength=\"30\" class=\"wpcf7-form-control wpcf7-text\" aria-invalid=\"false\" placeholder=\"30 Zeichen ergeben eine abgerechnete Zeile\" value=\"\" type=\"text\" name=\"Zeile10\" \/><\/span>\n<\/p>\n<table cellspacing=\"0\" cellpadding=\"0\" style=\"width:100%;border:0;\" border=\"0\">\n\t<tbody>\n\t\t<tr>\n\t\t\t<td style=\"width:120px;vertical-align:top;background-color:white;border:0;padding:0;\">\n\t\t\t\t<p><input class=\"wpcf7-form-control wpcf7-submit has-spinner\" type=\"submit\" value=\"Senden \u2192\" \/>\n\t\t\t\t<\/p>\n\t\t\t<\/td>\n\t\t\t<td style=\"width:70%;vertical-align:top;background-color:white;text-align: left;border:0;padding:0;\">\n\t\t\t\t<p><span class=\"wpcf7-form-control-wrap\" data-name=\"acceptance-322\"><span class=\"wpcf7-form-control wpcf7-acceptance\"><span class=\"wpcf7-list-item\"><label><input type=\"checkbox\" name=\"acceptance-322\" value=\"1\" aria-invalid=\"false\" \/><span class=\"wpcf7-list-item-label\">&nbsp;Ich stimme der Datenschutzerkl\u00e4rung zu<\/span><\/label><\/span><\/span><\/span>\n\t\t\t\t<\/p>\n\t\t\t<\/td>\n\t\t\t<td style=\"width:30%;vertical-align:top;background-color:white;text-align:right;border:0;padding:0;\">\n\t\t\t\t<p><a href=\"\/?page_id=584\" style=\"font-size:0.8rem;color:black;line-height:1.4;\">&rarr;&nbsp;Datenschutz<\/a>.\n\t\t\t\t<\/p>\n\t\t\t<\/td>\n\t\t<\/tr>\n\t<\/tbody>\n<\/table><div class=\"wpcf7-response-output\" aria-hidden=\"true\"><\/div>\n<\/form>\n<\/div>\n\n<\/div><\/section><\/div>\n<style type=\"text\/css\" data-created_by=\"avia_inline_auto\" id=\"style-css-av-av_one_third-66cdbcac8e99d60695ab3091b01aa1e5\">\n.flex_column.av-av_one_third-66cdbcac8e99d60695ab3091b01aa1e5{\nborder-radius:10px 10px 10px 10px;\npadding:20px 20px 20px 20px;\nbackground-color:#f2f2f2;\n}\n<\/style>\n<div  class='flex_column av-av_one_third-66cdbcac8e99d60695ab3091b01aa1e5 av_one_third  avia-builder-el-2  el_after_av_two_third  el_before_av_one_fourth  flex_column_div  '     ><p><section  class='av_textblock_section av-av_textblock-2de302bf1aa3cf4c9157dbe6f50ac7eb '   itemscope=\"itemscope\" itemtype=\"https:\/\/schema.org\/CreativeWork\" ><div class='avia_textblock'  itemprop=\"text\" ><p>Sie erhalten Ihre Rechnung per E-Mail.<br \/>\nBitte \u00fcberweisen Sie nach Erhalt der Rechnung auf nachfolgendes Konto.<\/p>\n<p><strong>Ihr Ansprechpartner Rechnungsstellung:<\/strong><br \/>\n<strong> Sabine G\u00f6\u00dfelein<\/strong><\/p>\n<p>anzeigen@herbstkind-wa.de<\/p>\n<\/div><\/section><br \/>\n\n<style type=\"text\/css\" data-created_by=\"avia_inline_auto\" id=\"style-css-av-av_hr-fbebcb4fe7f7f93a621d8b6783460008\">\n#top .hr.hr-invisible.av-av_hr-fbebcb4fe7f7f93a621d8b6783460008{\nheight:30px;\n}\n<\/style>\n<div  class='hr av-av_hr-fbebcb4fe7f7f93a621d8b6783460008 hr-invisible  avia-builder-el-4  el_after_av_textblock  el_before_av_icon_box '><span class='hr-inner '><span class=\"hr-inner-style\"><\/span><\/span><\/div><br \/>\n\n<style type=\"text\/css\" data-created_by=\"avia_inline_auto\" id=\"style-css-av-av_icon_box-57f5e33622b17aafb8e354d78456de93\">\n#top #wrap_all .iconbox.av-av_icon_box-57f5e33622b17aafb8e354d78456de93 .iconbox_content_title{\ncolor:#000000;\n}\n<\/style>\n<article  class='iconbox iconbox_left av-av_icon_box-57f5e33622b17aafb8e354d78456de93  avia-builder-el-5  el_after_av_hr  el_before_av_hr '  itemscope=\"itemscope\" itemtype=\"https:\/\/schema.org\/CreativeWork\" ><div class=\"iconbox_content\"><header class=\"entry-content-header\" aria-label=\"Icon: Unsere Kontodaten:\"><div class='iconbox_icon heading-color avia-iconfont avia-font-entypo-fontello' data-av_icon='\ue8cf' data-av_iconfont='entypo-fontello'  ><\/div><h3 class='iconbox_content_title '  itemprop=\"headline\" >Unsere Kontodaten:<\/h3><\/header><div class='iconbox_content_container '  itemprop=\"text\" ><p>herbstkind werbeagentur<br \/>\nStadtsparkasse F\u00fcrth<br \/>\nIBAN DE93 7625 0000 0040 7371 08<br \/>\nBIC BYLADEM1SFU<\/p>\n<p><strong>Bitte vergessen Sie bei \u00dcberweisung nicht, die Rechnungsnummer mit anzugeben!<\/strong><\/p>\n<\/div><\/div><footer class=\"entry-footer\"><\/footer><\/article><br \/>\n\n<style type=\"text\/css\" data-created_by=\"avia_inline_auto\" id=\"style-css-av-av_hr-fbebcb4fe7f7f93a621d8b6783460008\">\n#top .hr.hr-invisible.av-av_hr-fbebcb4fe7f7f93a621d8b6783460008{\nheight:30px;\n}\n<\/style>\n<div  class='hr av-av_hr-fbebcb4fe7f7f93a621d8b6783460008 hr-invisible  avia-builder-el-6  el_after_av_icon_box  avia-builder-el-last '><span class='hr-inner '><span class=\"hr-inner-style\"><\/span><\/span><\/div><\/p><\/div>\n<style type=\"text\/css\" data-created_by=\"avia_inline_auto\" id=\"style-css-av-av_one_fourth-15d750bd1b332b34c6e70b077ebbccdf\">\n.flex_column.av-av_one_fourth-15d750bd1b332b34c6e70b077ebbccdf{\nborder-radius:0px 0px 0px 0px;\npadding:0px 0px 0px 0px;\n}\n<\/style>\n<div  class='flex_column av-av_one_fourth-15d750bd1b332b34c6e70b077ebbccdf av_one_fourth  avia-builder-el-7  el_after_av_one_third  avia-builder-el-last  first flex_column_div av-zero-column-padding  column-top-margin'     ><\/div><\/p>\n","protected":false},"excerpt":{"rendered":"","protected":false},"author":100,"featured_media":0,"parent":37,"menu_order":0,"comment_status":"closed","ping_status":"closed","template":"","meta":{"inline_featured_image":false,"_exactmetrics_skip_tracking":false,"_exactmetrics_sitenote_active":false,"_exactmetrics_sitenote_note":"","_exactmetrics_sitenote_category":0,"_monsterinsights_skip_tracking":false,"_monsterinsights_sitenote_active":false,"_monsterinsights_sitenote_note":"","_monsterinsights_sitenote_category":0,"footnotes":""},"class_list":["post-1229","page","type-page","status-publish","hentry"],"_links":{"self":[{"href":"https:\/\/www.infue.de\/index.php\/wp-json\/wp\/v2\/pages\/1229","targetHints":{"allow":["GET"]}}],"collection":[{"href":"https:\/\/www.infue.de\/index.php\/wp-json\/wp\/v2\/pages"}],"about":[{"href":"https:\/\/www.infue.de\/index.php\/wp-json\/wp\/v2\/types\/page"}],"author":[{"embeddable":true,"href":"https:\/\/www.infue.de\/index.php\/wp-json\/wp\/v2\/users\/100"}],"replies":[{"embeddable":true,"href":"https:\/\/www.infue.de\/index.php\/wp-json\/wp\/v2\/comments?post=1229"}],"version-history":[{"count":10,"href":"https:\/\/www.infue.de\/index.php\/wp-json\/wp\/v2\/pages\/1229\/revisions"}],"predecessor-version":[{"id":1816,"href":"https:\/\/www.infue.de\/index.php\/wp-json\/wp\/v2\/pages\/1229\/revisions\/1816"}],"up":[{"embeddable":true,"href":"https:\/\/www.infue.de\/index.php\/wp-json\/wp\/v2\/pages\/37"}],"wp:attachment":[{"href":"https:\/\/www.infue.de\/index.php\/wp-json\/wp\/v2\/media?parent=1229"}],"curies":[{"name":"wp","href":"https:\/\/api.w.org\/{rel}","templated":true}]}}