{"id":287,"date":"2018-03-09T16:35:11","date_gmt":"2018-03-09T15:35:11","guid":{"rendered":"https:\/\/stadtzeitung-fuerth.herbstkind-wa.de\/?page_id=287"},"modified":"2025-12-18T18:32:37","modified_gmt":"2025-12-18T17:32:37","slug":"faq","status":"publish","type":"page","link":"https:\/\/www.infue.de\/index.php\/faq\/","title":{"rendered":"Fragen &#038; Antworten"},"content":{"rendered":"\n<style type=\"text\/css\" data-created_by=\"avia_inline_auto\" id=\"style-css-av-1bhotz-785709c435f05b0bc81e51582c652b04\">\n.flex_column.av-1bhotz-785709c435f05b0bc81e51582c652b04{\nborder-radius:0px 0px 0px 0px;\npadding:0px 0px 0px 0px;\n}\n<\/style>\n<div  class='flex_column av-1bhotz-785709c435f05b0bc81e51582c652b04 av_two_third  avia-builder-el-0  avia-builder-el-no-sibling  first flex_column_div av-zero-column-padding  '     ><div  class='togglecontainer av-137dmv-cf2eb28fc9bc0a0ff760ae642a229533  avia-builder-el-1  avia-builder-el-no-sibling  toggle_close_all' >\n<section class='av_toggle_section av-wnl7j-a13fa76f8d8ef1558e680535b02eb93a'  itemscope=\"itemscope\" itemtype=\"https:\/\/schema.org\/CreativeWork\" ><div role=\"tablist\" class=\"single_toggle\" data-tags=\"{Alle} \"  ><p id='toggle-toggle-id-1' data-fake-id='#toggle-id-1' class='toggler  av-title-above '  itemprop=\"headline\"  role='tab' tabindex='0' aria-controls='toggle-id-1' data-slide-speed=\"200\" data-title=\"Wie kann ich eine Kleinanzeige schalten\" data-title-open=\"\" data-aria_collapsed=\"Click to expand: Wie kann ich eine Kleinanzeige schalten\" data-aria_expanded=\"Click to collapse: Wie kann ich eine Kleinanzeige schalten\">Wie kann ich eine Kleinanzeige schalten<span class=\"toggle_icon\"><span class=\"vert_icon\"><\/span><span class=\"hor_icon\"><\/span><\/span><\/p><div id='toggle-id-1' aria-labelledby='toggle-toggle-id-1' role='region' class='toggle_wrap  av-title-above'  ><div class='toggle_content invers-color '  itemprop=\"text\" ><p><span style=\"font-family: Open\\ Sans, sans-serif;\"><span style=\"font-size: medium;\">Sie k\u00f6nnen entweder unser <a href=\"https:\/\/www.infue.w6c.de\/index.php\/kleinanzeige-aufgeben\/\" target=\"_blank\" rel=\"noopener\"><u>Online-Formular<\/u><\/a> verwenden: Unter Angabe Ihrer Rechnungsadresse, Telefonnummer und E-Mail-Adresse, k\u00f6nnen Sie die Textzeilen einzeln eingeben und sehen auf einen Blick, wie viele Zeichen und Zeilen Ihre Anzeige ben\u00f6tigt. Anschlie\u00dfend einfach absenden. Oder Sie geben die Anzeige formlos per E-Mail (<a href=\"mailto:anzeigen@herbstkind-wa.de\">anzeigen@herbstkind-wa.de<\/a>) auf. Sie erhalten von uns in jedem Fall eine Best\u00e4tigung und nach Erscheinen die Rechnung per E-Mail.<\/span><\/span><\/p>\n<\/div><\/div><\/div><\/section>\n<section class='av_toggle_section av-rkw1r-4d980d3505e0d81d39f8d6c10b16b66d'  itemscope=\"itemscope\" itemtype=\"https:\/\/schema.org\/CreativeWork\" ><div role=\"tablist\" class=\"single_toggle\" data-tags=\"{Alle} \"  ><p id='toggle-toggle-id-2' data-fake-id='#toggle-id-2' class='toggler  av-title-above '  itemprop=\"headline\"  role='tab' tabindex='0' aria-controls='toggle-id-2' data-slide-speed=\"200\" data-title=\"Wie bezahle ich die Kleinanzeige\" data-title-open=\"\" data-aria_collapsed=\"Click to expand: Wie bezahle ich die Kleinanzeige\" data-aria_expanded=\"Click to collapse: Wie bezahle ich die Kleinanzeige\">Wie bezahle ich die Kleinanzeige<span class=\"toggle_icon\"><span class=\"vert_icon\"><\/span><span class=\"hor_icon\"><\/span><\/span><\/p><div id='toggle-id-2' aria-labelledby='toggle-toggle-id-2' role='region' class='toggle_wrap  av-title-above'  ><div class='toggle_content invers-color '  itemprop=\"text\" ><p><span style=\"font-family: Open\\ Sans, sans-serif;\"><span style=\"font-size: medium;\">Als Auftraggeber einer gewerblichen Kleinanzeige, erhalten Sie von uns eine Rechnung, anschlie\u00dfend k\u00f6nnen Sie den Betrag unter Angabe Ihrer Rechnungs-Nr. und Ausgaben-Nr. des Magazins begleichen. Falls Sie vorhaben, regelm\u00e4\u00dfig zu Schalten k\u00f6nnen Sie die Kosten auch per Lastschriftverfahren begleichen. Private Kleinanzeigen sind nur noch per Lastschriftverfahren m\u00f6glich.<\/span><\/span><\/p>\n<\/div><\/div><\/div><\/section>\n<section class='av_toggle_section av-mbs6f-f4011d53a0952bac04132a1c082b0f4b'  itemscope=\"itemscope\" itemtype=\"https:\/\/schema.org\/CreativeWork\" ><div role=\"tablist\" class=\"single_toggle\" data-tags=\"{Alle} \"  ><p id='toggle-toggle-id-3' data-fake-id='#toggle-id-3' class='toggler  av-title-above '  itemprop=\"headline\"  role='tab' tabindex='0' aria-controls='toggle-id-3' data-slide-speed=\"200\" data-title=\"Wie erhalte ich eine Rechnung f\u00fcr meinen Anzeigenauftrag\" data-title-open=\"\" data-aria_collapsed=\"Click to expand: Wie erhalte ich eine Rechnung f\u00fcr meinen Anzeigenauftrag\" data-aria_expanded=\"Click to collapse: Wie erhalte ich eine Rechnung f\u00fcr meinen Anzeigenauftrag\">Wie erhalte ich eine Rechnung f\u00fcr meinen Anzeigenauftrag<span class=\"toggle_icon\"><span class=\"vert_icon\"><\/span><span class=\"hor_icon\"><\/span><\/span><\/p><div id='toggle-id-3' aria-labelledby='toggle-toggle-id-3' role='region' class='toggle_wrap  av-title-above'  ><div class='toggle_content invers-color '  itemprop=\"text\" ><p><span style=\"font-family: Open\\ Sans, sans-serif;\"><span style=\"font-size: medium;\">Im besten Fall versenden wir Rechnungen per E-Mail. Wenn Sie es w\u00fcnschen, k\u00f6nnen wir Ihnen die Rechnung auch per Post zukommen lassen. F\u00fcr den Versand auf dem Postweg berechnen wir Ihnen 5,95 \u20ac inkl. MwSt. f\u00fcr den Versand.<\/span><\/span><\/p>\n<\/div><\/div><\/div><\/section>\n<section class='av_toggle_section av-hett3-a8fb6f4ec7fdf80bc42e90fa01c667ec'  itemscope=\"itemscope\" itemtype=\"https:\/\/schema.org\/CreativeWork\" ><div role=\"tablist\" class=\"single_toggle\" data-tags=\"{Alle} \"  ><p id='toggle-toggle-id-4' data-fake-id='#toggle-id-4' class='toggler  av-title-above '  itemprop=\"headline\"  role='tab' tabindex='0' aria-controls='toggle-id-4' data-slide-speed=\"200\" data-title=\"Ich habe keine INF\u00dc erhalten, was kann ich tun\" data-title-open=\"\" data-aria_collapsed=\"Click to expand: Ich habe keine INF\u00dc erhalten, was kann ich tun\" data-aria_expanded=\"Click to collapse: Ich habe keine INF\u00dc erhalten, was kann ich tun\">Ich habe keine INF\u00dc erhalten, was kann ich tun<span class=\"toggle_icon\"><span class=\"vert_icon\"><\/span><span class=\"hor_icon\"><\/span><\/span><\/p><div id='toggle-id-4' aria-labelledby='toggle-toggle-id-4' role='region' class='toggle_wrap  av-title-above'  ><div class='toggle_content invers-color '  itemprop=\"text\" ><p><span style=\"font-family: Open\\ Sans, sans-serif;\"><span style=\"font-size: medium;\">Wenn Sie innerhalb der Verteilbezirke wohnen, wenden Sie sich bitte an die Stadt F\u00fcrth, B\u00fcrgermeister- und Presseamt,<br \/>\n<\/span><\/span><span style=\"font-family: Open\\ Sans, sans-serif;\"><span style=\"font-size: medium;\">Tel. 0911- 974 12 11.<\/span><\/span><\/p>\n<\/div><\/div><\/div><\/section>\n<section class='av_toggle_section av-8cs5j-5a42abe59d0e19b4d9379de54231391f'  itemscope=\"itemscope\" itemtype=\"https:\/\/schema.org\/CreativeWork\" ><div role=\"tablist\" class=\"single_toggle\" data-tags=\"{Alle} \"  ><p id='toggle-toggle-id-5' data-fake-id='#toggle-id-5' class='toggler  av-title-above '  itemprop=\"headline\"  role='tab' tabindex='0' aria-controls='toggle-id-5' data-slide-speed=\"200\" data-title=\"Wer ist f\u00fcr den redaktionellen Inhalt der INF\u00dc verantwortlich\" data-title-open=\"\" data-aria_collapsed=\"Click to expand: Wer ist f\u00fcr den redaktionellen Inhalt der INF\u00dc verantwortlich\" data-aria_expanded=\"Click to collapse: Wer ist f\u00fcr den redaktionellen Inhalt der INF\u00dc verantwortlich\">Wer ist f\u00fcr den redaktionellen Inhalt der INF\u00dc verantwortlich<span class=\"toggle_icon\"><span class=\"vert_icon\"><\/span><span class=\"hor_icon\"><\/span><\/span><\/p><div id='toggle-id-5' aria-labelledby='toggle-toggle-id-5' role='region' class='toggle_wrap  av-title-above'  ><div class='toggle_content invers-color '  itemprop=\"text\" ><p><span style=\"font-family: Open\\ Sans, sans-serif;\"><span style=\"font-size: medium;\">Das B\u00fcrgermeister- und Presseamt der Stadt F\u00fcrth<\/span><\/span><\/p>\n<p><span style=\"font-family: Open\\ Sans, sans-serif;\"><span style=\"font-size: medium;\">Hallstra\u00dfe 2<\/span><\/span><\/p>\n<p><span style=\"font-family: Open\\ Sans, sans-serif;\"><span style=\"font-size: medium;\">90762 F\u00fcrth<\/span><\/span><\/p>\n<p><span style=\"font-family: Open\\ Sans, sans-serif;\"><span style=\"font-size: medium;\">Tel. 0911 \/ 974 1204<\/span><\/span><\/p>\n<\/div><\/div><\/div><\/section>\n<section class='av_toggle_section av-mjbpq097-76d80340b7404f3cbe428bfd721d4967'  itemscope=\"itemscope\" itemtype=\"https:\/\/schema.org\/CreativeWork\" ><div role=\"tablist\" class=\"single_toggle\" data-tags=\"{Alle} \"  ><p id='toggle-toggle-id-6' data-fake-id='#toggle-id-6' class='toggler  av-title-above '  itemprop=\"headline\"  role='tab' tabindex='0' aria-controls='toggle-id-6' data-slide-speed=\"200\" data-title=\"Wo finde ich Informationen zu politischer Werbung\" data-title-open=\"\" data-aria_collapsed=\"Click to expand: Wo finde ich Informationen zu politischer Werbung\" data-aria_expanded=\"Click to collapse: Wo finde ich Informationen zu politischer Werbung\">Wo finde ich Informationen zu politischer Werbung<span class=\"toggle_icon\"><span class=\"vert_icon\"><\/span><span class=\"hor_icon\"><\/span><\/span><\/p><div id='toggle-id-6' aria-labelledby='toggle-toggle-id-6' role='region' class='toggle_wrap  av-title-above'  ><div class='toggle_content invers-color '  itemprop=\"text\" ><p><span style=\"font-family: Open\\ Sans, sans-serif;\"><span style=\"font-size: medium;\">Seit Oktober 2025 gelten neue gesetzliche Regelungen fu\u0308r politische Anzeigen und Werbeprospekte.<\/span><\/span><\/p>\n<p><span style=\"font-family: Open\\ Sans, sans-serif;\"><span style=\"font-size: medium;\">Die europ\u00e4ische Kommission hat eine\u00a0<a href=\"https:\/\/www.infue.de\/wp-content\/uploads\/2025\/12\/Leitlinien-Kommission.pdf\" target=\"_blank\" rel=\"noopener\">Leitlinie<\/a>\u00a0ver\u00f6ffentlicht f\u00fcr die Transparenz politischer Werbung und damit Verbunden die Verordnungen\u00a0<a href=\"https:\/\/www.infue.de\/wp-content\/uploads\/2025\/12\/OJ_L_202400900_DE_TXT.pdf\" target=\"_blank\" rel=\"noopener\"><span class=\"s1\">(EU) 2024\/900\u00a0<\/span><\/a>und\u00a0\u00a0<a href=\"https:\/\/www.infue.de\/wp-content\/uploads\/2025\/12\/EU-Verordnung_202501410_DE.pdf\" target=\"_blank\" rel=\"noopener\"><span class=\"s1\">(EU) 2025\/1410<\/span><\/a>\u00a0u\u0308ber die Durchf\u00fchrung und das Targeting politischer Werbung\u00a0<span class=\"s1\">(TTPW-VO).\u00a0<\/span>\u00a0Seit dem 10. Oktober 2025 gelten diese unmittelbar in Deutschland und sehen unter anderem eindeutige Kennzeichnungen und Transparenzbekanntmachungen fu\u0308r alle politischen Werbema\u00dfnahmen vor.<\/span><\/span><\/p>\n<p><span style=\"font-family: Open\\ Sans, sans-serif;\"><span style=\"font-size: medium;\">Alle Informationen und Formulare dazu finden Sie auf unserer <a href=\"https:\/\/www.infue.de\/index.php\/informationen-politische-werbung\/\">Seite.<\/a><\/span><\/span><\/p>\n<\/div><\/div><\/div><\/section>\n<\/div><\/div>\n","protected":false},"excerpt":{"rendered":"","protected":false},"author":1,"featured_media":0,"parent":0,"menu_order":0,"comment_status":"closed","ping_status":"closed","template":"","meta":{"inline_featured_image":false,"_exactmetrics_skip_tracking":false,"_exactmetrics_sitenote_active":false,"_exactmetrics_sitenote_note":"","_exactmetrics_sitenote_category":0,"_monsterinsights_skip_tracking":false,"_monsterinsights_sitenote_active":false,"_monsterinsights_sitenote_note":"","_monsterinsights_sitenote_category":0,"footnotes":""},"class_list":["post-287","page","type-page","status-publish","hentry"],"_links":{"self":[{"href":"https:\/\/www.infue.de\/index.php\/wp-json\/wp\/v2\/pages\/287","targetHints":{"allow":["GET"]}}],"collection":[{"href":"https:\/\/www.infue.de\/index.php\/wp-json\/wp\/v2\/pages"}],"about":[{"href":"https:\/\/www.infue.de\/index.php\/wp-json\/wp\/v2\/types\/page"}],"author":[{"embeddable":true,"href":"https:\/\/www.infue.de\/index.php\/wp-json\/wp\/v2\/users\/1"}],"replies":[{"embeddable":true,"href":"https:\/\/www.infue.de\/index.php\/wp-json\/wp\/v2\/comments?post=287"}],"version-history":[{"count":17,"href":"https:\/\/www.infue.de\/index.php\/wp-json\/wp\/v2\/pages\/287\/revisions"}],"predecessor-version":[{"id":1321,"href":"https:\/\/www.infue.de\/index.php\/wp-json\/wp\/v2\/pages\/287\/revisions\/1321"}],"wp:attachment":[{"href":"https:\/\/www.infue.de\/index.php\/wp-json\/wp\/v2\/media?parent=287"}],"curies":[{"name":"wp","href":"https:\/\/api.w.org\/{rel}","templated":true}]}}