{"id":32,"date":"2025-12-18T17:21:05","date_gmt":"2025-12-18T16:21:05","guid":{"rendered":"https:\/\/stadtzeitung-fuerth.herbstkind-wa.de\/?page_id=32"},"modified":"2026-01-14T13:30:48","modified_gmt":"2026-01-14T12:30:48","slug":"informationen-politische-werbung","status":"publish","type":"page","link":"https:\/\/www.infue.de\/index.php\/informationen-politische-werbung\/","title":{"rendered":"Informationen politische Werbung"},"content":{"rendered":"<div  class='flex_column av-161ok-a89e00a7d38f5aa6ad3cdbc09211e4a4 av_one_full  avia-builder-el-0  el_before_av_one_full  avia-builder-el-first  first flex_column_div  '     ><p>\n<style type=\"text\/css\" data-created_by=\"avia_inline_auto\" id=\"style-css-av-mjbchc4v-3c0f515eeba483a0270d0627bcde7a9b\">\n#top .av-special-heading.av-mjbchc4v-3c0f515eeba483a0270d0627bcde7a9b{\npadding-bottom:10px;\n}\nbody .av-special-heading.av-mjbchc4v-3c0f515eeba483a0270d0627bcde7a9b .av-special-heading-tag .heading-char{\nfont-size:25px;\n}\n.av-special-heading.av-mjbchc4v-3c0f515eeba483a0270d0627bcde7a9b .av-subheading{\nfont-size:15px;\n}\n<\/style>\n<div  class='av-special-heading av-mjbchc4v-3c0f515eeba483a0270d0627bcde7a9b av-special-heading-h1  avia-builder-el-1  el_before_av_textblock  avia-builder-el-first '><h1 class='av-special-heading-tag '  itemprop=\"headline\"  >GESETZLICHE REGELUNG F\u00dcR POLITISCHE Werbung<\/h1><div class=\"special-heading-border\"><div class=\"special-heading-inner-border\"><\/div><\/div><\/div><br \/>\n<section  class='av_textblock_section av-mjbcqhyy-bec1d3356efab7be0623f21e074b22cc '   itemscope=\"itemscope\" itemtype=\"https:\/\/schema.org\/CreativeWork\" ><div class='avia_textblock'  itemprop=\"text\" ><p class=\"p1\">Seit Oktober 2025 gelten neue gesetzliche Regelungen fu\u0308r politische Anzeigen und Werbeprospekte.<\/p>\n<p class=\"p1\">Die europ\u00e4ische Kommission hat eine <a href=\"https:\/\/www.infue.de\/wp-content\/uploads\/2025\/12\/Leitlinien-Kommission.pdf\" target=\"_blank\" rel=\"noopener\">Leitlinie<\/a> ver\u00f6ffentlicht f\u00fcr die Transparenz politischer Werbung und damit Verbunden die Verordnungen <a href=\"https:\/\/www.infue.de\/wp-content\/uploads\/2025\/12\/OJ_L_202400900_DE_TXT.pdf\" target=\"_blank\" rel=\"noopener\"><span class=\"s1\">(EU) 2024\/900 <\/span><\/a> und\u00a0 <a href=\"https:\/\/www.infue.de\/wp-content\/uploads\/2025\/12\/EU-Verordnung_202501410_DE.pdf\" target=\"_blank\" rel=\"noopener\"><span class=\"s1\">(EU) 2025\/1410<\/span><\/a> u\u0308ber die Durchf\u00fchrung und das Targeting politischer Werbung <span class=\"s1\">(TTPW-VO).\u00a0<\/span> Seit dem 10. Oktober 2025 gelten diese unmittelbar in Deutschland und sehen unter anderem eindeutige Kennzeichnungen und Transparenzbekanntmachungen fu\u0308r alle politischen Werbema\u00dfnahmen vor.<\/p>\n<\/div><\/section><br \/>\n\n<style type=\"text\/css\" data-created_by=\"avia_inline_auto\" id=\"style-css-av-mjbczudd-7dd61109d8e6f55afbbf01b2ea45c2b2\">\n#top .av-special-heading.av-mjbczudd-7dd61109d8e6f55afbbf01b2ea45c2b2{\npadding-bottom:10px;\n}\nbody .av-special-heading.av-mjbczudd-7dd61109d8e6f55afbbf01b2ea45c2b2 .av-special-heading-tag .heading-char{\nfont-size:25px;\n}\n.av-special-heading.av-mjbczudd-7dd61109d8e6f55afbbf01b2ea45c2b2 .av-subheading{\nfont-size:15px;\n}\n<\/style>\n<div  class='av-special-heading av-mjbczudd-7dd61109d8e6f55afbbf01b2ea45c2b2 av-special-heading-h4  avia-builder-el-3  el_after_av_textblock  el_before_av_textblock '><h4 class='av-special-heading-tag '  itemprop=\"headline\"  >Als Anbieter m\u00f6chten wir Ihnen die Einhaltung dieser Vorschriften so einfach wie m\u00f6glich machen.<\/h4><div class=\"special-heading-border\"><div class=\"special-heading-inner-border\"><\/div><\/div><\/div><br \/>\n<section  class='av_textblock_section av-mjbcv7is-5f38a0d540bb5832f41c9c67c29932e4 '   itemscope=\"itemscope\" itemtype=\"https:\/\/schema.org\/CreativeWork\" ><div class='avia_textblock'  itemprop=\"text\" ><p>Die Merkbl\u00e4tter geben Ihnen Informationen und Orientierung zu politischer Werbung. Der Fragebogen soll Sie dabei unterst\u00fctzen Ihrer Transparenzbekanntmachungspflicht nachzukommen um den ben\u00f6tigten Link bereitzustellen.<\/p>\n<p>F\u00fcr einen Auftrag mit politischer Werbung (Anzeige oder Beilage) ben\u00f6tigen wir von Ihnen<\/p>\n<ul>\n<li>einen unterschriebenen Anzeigenauftrag oder Beilagenlieferschein<\/li>\n<li>sowie die unterzeichnete Freistellungserkl\u00e4rung und<\/li>\n<li>zus\u00e4tzlich die ausgef\u00fcllte und unterschriebene Checkliste zur Best\u00e4tigung Ihrer Angaben<\/li>\n<\/ul>\n<p>Unsere Preise und Konditionen f\u00fcr Anzeigen und Beilagen finden Sie in unseren <a href=\"https:\/\/www.infue.de\/index.php\/mediadaten\/\">Mediadaten<\/a> und auf unserer <a href=\"https:\/\/www.infue.de\/index.php\/anzeigenauftrag\/\">Seite<\/a>.<\/p>\n<p>Wenn Sie eine Beilage in unserem Magazin planen, kontaktieren Sie uns bitte per E-Mail oder telefonisch vorab.<\/p>\n<\/div><\/section><\/p><\/div>\n<div  class='flex_column av-1jxg8-890cb10495c4dea370120b7c56fea9b5 av_one_full  avia-builder-el-5  el_after_av_one_full  el_before_av_one_full  first flex_column_div  column-top-margin'     ><p><section  class='av_textblock_section av-mjbdpku9-a22fe843723c44be0b4ddaca2db9ca36 '   itemscope=\"itemscope\" itemtype=\"https:\/\/schema.org\/CreativeWork\" ><div class='avia_textblock'  itemprop=\"text\" ><p>Bitte senden Sie uns nachfolgende Dokumente ausgef\u00fcllt und unterzeichnet.<\/p>\n<p class=\"p1\"><b>Wir k\u00f6nnen politische Werbung in Form von Anzeigen oder Beilagen nur noch ver\u00f6ffentlichen, wenn vor Ver\u00f6ffentlichung alle erforderlichen Angaben vorliegen, die Anzeige\/Beilage gekennzeichnet ist und Transparenzbekanntmachungen online abrufbar sind. <\/b><\/p>\n<\/div><\/section><br \/>\n<div  class='avia-button-wrap av-mjbdh2ea-07746d6bc24f72d13dfb414eb451f363-wrap avia-button-left  avia-builder-el-7  el_after_av_textblock  el_before_av_button '><a href='https:\/\/www.infue.de\/wp-content\/uploads\/2025\/12\/Anzeigenauftrag_INFUe_2026.pdf'  class='avia-button av-mjbdh2ea-07746d6bc24f72d13dfb414eb451f363 av-link-btn avia-icon_select-yes-left-icon avia-size-x-large avia-position-left avia-color-theme-color'  target=\"_blank\"  rel=\"noopener noreferrer\"  aria-label=\"Anzeigenauftrag 2026\"><span class='avia_button_icon avia_button_icon_left avia-svg-icon avia-font-svg_entypo-fontello' data-av_svg_icon='down-bold' data-av_iconset='svg_entypo-fontello'><svg version=\"1.1\" xmlns=\"http:\/\/www.w3.org\/2000\/svg\" width=\"24\" height=\"32\" viewBox=\"0 0 24 32\" preserveAspectRatio=\"xMidYMid meet\" aria-labelledby='av-svg-title-1' aria-describedby='av-svg-desc-1' role=\"graphics-symbol\">\n<title id='av-svg-title-1'>Down-bold<\/title>\n<desc id='av-svg-desc-1'>Down-bold<\/desc>\n<path d=\"M24.32 15.488l-12.16 12.16-12.16-12.16h6.144v-11.2h12.032v11.2h6.144z\"><\/path>\n<\/svg><\/span><span class='avia_iconbox_title' >Anzeigenauftrag 2026<\/span><\/a><\/div><br \/>\n<div  class='avia-button-wrap av-mjbdh9ia-ba0ab8bd691db2a6653d93445490e063-wrap avia-button-left  avia-builder-el-8  el_after_av_button  el_before_av_button '><a href='https:\/\/www.infue.de\/wp-content\/uploads\/2025\/12\/Freistellungserkl_politische-Werbung-Anzeigen.pdf'  class='avia-button av-mjbdh9ia-ba0ab8bd691db2a6653d93445490e063 av-link-btn avia-icon_select-yes-left-icon avia-size-x-large avia-position-left avia-color-theme-color'  target=\"_blank\"  rel=\"noopener noreferrer\"  aria-label=\"Freistellungserkl\u00e4rung\"><span class='avia_button_icon avia_button_icon_left avia-svg-icon avia-font-svg_entypo-fontello' data-av_svg_icon='down-bold' data-av_iconset='svg_entypo-fontello'><svg version=\"1.1\" xmlns=\"http:\/\/www.w3.org\/2000\/svg\" width=\"24\" height=\"32\" viewBox=\"0 0 24 32\" preserveAspectRatio=\"xMidYMid meet\" aria-labelledby='av-svg-title-2' aria-describedby='av-svg-desc-2' role=\"graphics-symbol\">\n<title id='av-svg-title-2'>Down-bold<\/title>\n<desc id='av-svg-desc-2'>Down-bold<\/desc>\n<path d=\"M24.32 15.488l-12.16 12.16-12.16-12.16h6.144v-11.2h12.032v11.2h6.144z\"><\/path>\n<\/svg><\/span><span class='avia_iconbox_title' >Freistellungserkl\u00e4rung<\/span><\/a><\/div><br \/>\n<div  class='avia-button-wrap av-mjbdhjls-476db82ca2e68a66354c42451fe1f70d-wrap avia-button-left  avia-builder-el-9  el_after_av_button  avia-builder-el-last '><a href='https:\/\/www.infue.de\/wp-content\/uploads\/2025\/12\/Checkliste_politissche-Werbung-Anzeigen.pdf'  class='avia-button av-mjbdhjls-476db82ca2e68a66354c42451fe1f70d av-link-btn avia-icon_select-yes-left-icon avia-size-x-large avia-position-left avia-color-theme-color'  target=\"_blank\"  rel=\"noopener noreferrer\"  aria-label=\"Checkliste\"><span class='avia_button_icon avia_button_icon_left avia-svg-icon avia-font-svg_entypo-fontello' data-av_svg_icon='down-bold' data-av_iconset='svg_entypo-fontello'><svg version=\"1.1\" xmlns=\"http:\/\/www.w3.org\/2000\/svg\" width=\"24\" height=\"32\" viewBox=\"0 0 24 32\" preserveAspectRatio=\"xMidYMid meet\" aria-labelledby='av-svg-title-3' aria-describedby='av-svg-desc-3' role=\"graphics-symbol\">\n<title id='av-svg-title-3'>Down-bold<\/title>\n<desc id='av-svg-desc-3'>Down-bold<\/desc>\n<path d=\"M24.32 15.488l-12.16 12.16-12.16-12.16h6.144v-11.2h12.032v11.2h6.144z\"><\/path>\n<\/svg><\/span><span class='avia_iconbox_title' >Checkliste<\/span><\/a><\/div><\/p><\/div>\n<div  class='flex_column av-rfg4-c027a7d9d957612944d02ca1f0048b66 av_one_full  avia-builder-el-10  el_after_av_one_full  el_before_av_one_full  first flex_column_div  column-top-margin'     ><p><section  class='av_textblock_section av-mjbdre0b-bda3345966a1c4936798fb4a72611ecb '   itemscope=\"itemscope\" itemtype=\"https:\/\/schema.org\/CreativeWork\" ><div class='avia_textblock'  itemprop=\"text\" ><p>Nachfolgende Informationen sollen Ihnen dabei helfen Ihre politischen Werbema\u00dfnahmen umzusetzen.<\/p>\n<\/div><\/section><br \/>\n<div  class='avia-button-wrap av-mjbdifyy-45df11d2f3cad5241fbb943a539036e0-wrap avia-button-left  avia-builder-el-12  el_after_av_textblock  el_before_av_button '><a href='https:\/\/www.infue.de\/wp-content\/uploads\/2026\/01\/Merkblatt_politische-Werbung-Anzeigen.pdf'  class='avia-button av-mjbdifyy-45df11d2f3cad5241fbb943a539036e0 av-link-btn avia-icon_select-yes-left-icon avia-size-x-large avia-position-left avia-color-theme-color'  target=\"_blank\"  rel=\"noopener noreferrer\"  aria-label=\"Merkblatt Anzeigen\"><span class='avia_button_icon avia_button_icon_left avia-svg-icon avia-font-svg_entypo-fontello' data-av_svg_icon='down-bold' data-av_iconset='svg_entypo-fontello'><svg version=\"1.1\" xmlns=\"http:\/\/www.w3.org\/2000\/svg\" width=\"24\" height=\"32\" viewBox=\"0 0 24 32\" preserveAspectRatio=\"xMidYMid meet\" aria-labelledby='av-svg-title-4' aria-describedby='av-svg-desc-4' role=\"graphics-symbol\">\n<title id='av-svg-title-4'>Down-bold<\/title>\n<desc id='av-svg-desc-4'>Down-bold<\/desc>\n<path d=\"M24.32 15.488l-12.16 12.16-12.16-12.16h6.144v-11.2h12.032v11.2h6.144z\"><\/path>\n<\/svg><\/span><span class='avia_iconbox_title' >Merkblatt Anzeigen<\/span><\/a><\/div><br \/>\n<div  class='avia-button-wrap av-mjbdipbn-53b7642fe1b06d24588330d9702bbf76-wrap avia-button-left  avia-builder-el-13  el_after_av_button  el_before_av_button '><a href='https:\/\/www.infue.de\/wp-content\/uploads\/2026\/01\/Merkblatt_politische-Werbung-Beilagen.pdf'  class='avia-button av-mjbdipbn-53b7642fe1b06d24588330d9702bbf76 av-link-btn avia-icon_select-yes-left-icon avia-size-x-large avia-position-left avia-color-theme-color'  target=\"_blank\"  rel=\"noopener noreferrer\"  aria-label=\"Merkblatt Beilagen\"><span class='avia_button_icon avia_button_icon_left avia-svg-icon avia-font-svg_entypo-fontello' data-av_svg_icon='down-bold' data-av_iconset='svg_entypo-fontello'><svg version=\"1.1\" xmlns=\"http:\/\/www.w3.org\/2000\/svg\" width=\"24\" height=\"32\" viewBox=\"0 0 24 32\" preserveAspectRatio=\"xMidYMid meet\" aria-labelledby='av-svg-title-5' aria-describedby='av-svg-desc-5' role=\"graphics-symbol\">\n<title id='av-svg-title-5'>Down-bold<\/title>\n<desc id='av-svg-desc-5'>Down-bold<\/desc>\n<path d=\"M24.32 15.488l-12.16 12.16-12.16-12.16h6.144v-11.2h12.032v11.2h6.144z\"><\/path>\n<\/svg><\/span><span class='avia_iconbox_title' >Merkblatt Beilagen<\/span><\/a><\/div><br \/>\n<div  class='avia-button-wrap av-mjbdjfh5-176bae0e809be6feb75714c2d172b615-wrap avia-button-left  avia-builder-el-14  el_after_av_button  avia-builder-el-last '><a href='https:\/\/www.infue.de\/wp-content\/uploads\/2025\/12\/Transparenzfragen_politissche-Werbung-Anzeigen.pdf'  class='avia-button av-mjbdjfh5-176bae0e809be6feb75714c2d172b615 av-link-btn avia-icon_select-yes-left-icon avia-size-x-large avia-position-left avia-color-theme-color'  target=\"_blank\"  rel=\"noopener noreferrer\"  aria-label=\"Fragebogen Transparenz\"><span class='avia_button_icon avia_button_icon_left avia-svg-icon avia-font-svg_entypo-fontello' data-av_svg_icon='down-bold' data-av_iconset='svg_entypo-fontello'><svg version=\"1.1\" xmlns=\"http:\/\/www.w3.org\/2000\/svg\" width=\"24\" height=\"32\" viewBox=\"0 0 24 32\" preserveAspectRatio=\"xMidYMid meet\" aria-labelledby='av-svg-title-6' aria-describedby='av-svg-desc-6' role=\"graphics-symbol\">\n<title id='av-svg-title-6'>Down-bold<\/title>\n<desc id='av-svg-desc-6'>Down-bold<\/desc>\n<path d=\"M24.32 15.488l-12.16 12.16-12.16-12.16h6.144v-11.2h12.032v11.2h6.144z\"><\/path>\n<\/svg><\/span><span class='avia_iconbox_title' >Fragebogen Transparenz<\/span><\/a><\/div><\/p><\/div>\n<div  class='flex_column av-av_one_full-a2cef933b0a555f25d1e39b22a8e9dae av_one_full  avia-builder-el-15  el_after_av_one_full  avia-builder-el-last  first flex_column_div  column-top-margin'     ><p><section  class='av_textblock_section av-mkdzje2n-db0aa67733742cdac7ac66363038f8e5 '   itemscope=\"itemscope\" itemtype=\"https:\/\/schema.org\/CreativeWork\" ><div class='avia_textblock'  itemprop=\"text\" ><p>F\u00fcr das <strong>Meldeverfahren<\/strong> ist der Herausgeber der INF\u00dc, das B\u00fcrgermeister- und Presseamt der Stadt F\u00fcrth zust\u00e4ndig.<\/p>\n<\/div><\/section><br \/>\n<div  class='avia-button-wrap av-mkdzpype-29b55327e22c101b6142eb37e87a6aa9-wrap avia-button-left  avia-builder-el-17  el_after_av_textblock  avia-builder-el-last '><a href='mailto:infue@fuerth.de'  class='avia-button av-mkdzpype-29b55327e22c101b6142eb37e87a6aa9 av-link-btn avia-icon_select-yes-left-icon avia-size-x-large avia-position-left avia-color-theme-color'  target=\"_blank\"  rel=\"noopener noreferrer\"  aria-label=\"E-Mail an das B\u00fcrgermeister- und Presseamt\"><span class='avia_button_icon avia_button_icon_left avia-svg-icon avia-font-svg_entypo-fontello' data-av_svg_icon='mail' data-av_iconset='svg_entypo-fontello'><svg version=\"1.1\" xmlns=\"http:\/\/www.w3.org\/2000\/svg\" width=\"29\" height=\"32\" viewBox=\"0 0 29 32\" preserveAspectRatio=\"xMidYMid meet\" aria-labelledby='av-svg-title-7' aria-describedby='av-svg-desc-7' role=\"graphics-symbol\">\n<title id='av-svg-title-7'>Mail<\/title>\n<desc id='av-svg-desc-7'>Mail<\/desc>\n<path d=\"M0.96 8.448q-1.024-0.576-0.896-1.28 0.064-0.448 0.832-0.448h27.072q1.216 0 0.64 1.024-0.256 0.448-0.768 0.704-0.448 0.192-6.144 3.264t-5.824 3.136q-0.512 0.32-1.472 0.32-0.896 0-1.472-0.32-0.128-0.064-5.824-3.136t-6.144-3.264zM28.16 11.648q0.64-0.32 0.64 0.32v11.776q0 0.512-0.544 1.024t-1.056 0.512h-25.6q-0.512 0-1.056-0.512t-0.544-1.024v-11.776q0-0.64 0.64-0.32l12.288 6.4q0.576 0.32 1.472 0.32t1.472-0.32z\"><\/path>\n<\/svg><\/span><span class='avia_iconbox_title' >E-Mail an das B\u00fcrgermeister- und Presseamt<\/span><\/a><\/div><\/p><\/div>\n","protected":false},"excerpt":{"rendered":"","protected":false},"author":1,"featured_media":0,"parent":0,"menu_order":0,"comment_status":"closed","ping_status":"closed","template":"","meta":{"inline_featured_image":false,"_exactmetrics_skip_tracking":false,"_exactmetrics_sitenote_active":false,"_exactmetrics_sitenote_note":"","_exactmetrics_sitenote_category":0,"_monsterinsights_skip_tracking":false,"_monsterinsights_sitenote_active":false,"_monsterinsights_sitenote_note":"","_monsterinsights_sitenote_category":0,"footnotes":""},"class_list":["post-32","page","type-page","status-publish","hentry"],"_links":{"self":[{"href":"https:\/\/www.infue.de\/index.php\/wp-json\/wp\/v2\/pages\/32","targetHints":{"allow":["GET"]}}],"collection":[{"href":"https:\/\/www.infue.de\/index.php\/wp-json\/wp\/v2\/pages"}],"about":[{"href":"https:\/\/www.infue.de\/index.php\/wp-json\/wp\/v2\/types\/page"}],"author":[{"embeddable":true,"href":"https:\/\/www.infue.de\/index.php\/wp-json\/wp\/v2\/users\/1"}],"replies":[{"embeddable":true,"href":"https:\/\/www.infue.de\/index.php\/wp-json\/wp\/v2\/comments?post=32"}],"version-history":[{"count":16,"href":"https:\/\/www.infue.de\/index.php\/wp-json\/wp\/v2\/pages\/32\/revisions"}],"predecessor-version":[{"id":2048,"href":"https:\/\/www.infue.de\/index.php\/wp-json\/wp\/v2\/pages\/32\/revisions\/2048"}],"wp:attachment":[{"href":"https:\/\/www.infue.de\/index.php\/wp-json\/wp\/v2\/media?parent=32"}],"curies":[{"name":"wp","href":"https:\/\/api.w.org\/{rel}","templated":true}]}}