{"id":37,"date":"2018-03-07T15:26:52","date_gmt":"2018-03-07T14:26:52","guid":{"rendered":"https:\/\/stadtzeitung-fuerth.herbstkind-wa.de\/?page_id=37"},"modified":"2024-11-06T15:32:40","modified_gmt":"2024-11-06T14:32:40","slug":"kleinanzeige-aufgeben","status":"publish","type":"page","link":"https:\/\/www.infue.de\/index.php\/kleinanzeige-aufgeben\/","title":{"rendered":"Kleinanzeigen"},"content":{"rendered":"\n<style type=\"text\/css\" data-created_by=\"avia_inline_auto\" id=\"style-css-av-av_two_third-15d750bd1b332b34c6e70b077ebbccdf\">\n.flex_column.av-av_two_third-15d750bd1b332b34c6e70b077ebbccdf{\nborder-radius:0px 0px 0px 0px;\npadding:0px 0px 0px 0px;\n}\n<\/style>\n<div  class='flex_column av-av_two_third-15d750bd1b332b34c6e70b077ebbccdf av_two_third  avia-builder-el-0  el_before_av_one_third  avia-builder-el-first  first flex_column_div av-zero-column-padding  '     ><section  class='av_textblock_section av-av_textblock-2de302bf1aa3cf4c9157dbe6f50ac7eb '   itemscope=\"itemscope\" itemtype=\"https:\/\/schema.org\/CreativeWork\" ><div class='avia_textblock'  itemprop=\"text\" ><h1><span style=\"color: #00987a;\">So k\u00f6nnen Sie Anzeigen schalten<\/span><\/h1>\n<p>Bitte f\u00fcllen Sie das Onlineformular vollst\u00e4ndig aus. Sie erhalten von uns eine Best\u00e4tigung per E-Mail.<\/p>\n<p>Sie k\u00f6nnen uns Ihren Anzeigentext gerne per E-Mail an <strong>anzeigen@herbstkind-wa.de <\/strong>senden, Kosteninformation erhalten Sie von uns per E-Mail zur Best\u00e4tigung.<\/p>\n<h3>Gewerbliche Kleinanzeigen<\/h3>\n<p>Gewerbliche Kleinanzeigen haben keinen privaten oder Gelegenheitscharakter. Wenn Sie als Privatperson regelm\u00e4\u00dfig Leistungen oder Artikel in gr\u00f6\u00dferen Mengen anbieten, handeln sie ebenfalls gewerblich. Vermietung und Verpachtung gelten ebenfalls als gewerbliche Anzeigen.<\/p>\n<p><a href=\"https:\/\/www.stadtzeitung-fuerth.de\/index.php\/kleinanzeige-aufgeben\/kleinanzeigen-gewerblich\/\"><strong>Zum Formular<\/strong><\/a><\/p>\n<h3>Private Kleinanzeigen<\/h3>\n<p>Als private Kleinanzeige gelten Anzeigen mit ausschlie\u00dflich privatem oder Gelegenheitscharakter. Im Zweifelsfall entscheidet die Anzeigenverwaltung \u00fcber die Art der Anzeige.<\/p>\n<p><a href=\"https:\/\/www.stadtzeitung-fuerth.de\/index.php\/kleinanzeige-aufgeben\/kleinanzeigen-privat\/\"><strong>Zum Formular<\/strong><\/a><\/p>\n<\/div><\/section><\/div>\n<style type=\"text\/css\" data-created_by=\"avia_inline_auto\" id=\"style-css-av-av_one_third-66cdbcac8e99d60695ab3091b01aa1e5\">\n.flex_column.av-av_one_third-66cdbcac8e99d60695ab3091b01aa1e5{\nborder-radius:10px 10px 10px 10px;\npadding:20px 20px 20px 20px;\nbackground-color:#f2f2f2;\n}\n<\/style>\n<div  class='flex_column av-av_one_third-66cdbcac8e99d60695ab3091b01aa1e5 av_one_third  avia-builder-el-2  el_after_av_two_third  el_before_av_one_fourth  flex_column_div  '     ><p><section  class='av_textblock_section av-av_textblock-2de302bf1aa3cf4c9157dbe6f50ac7eb '   itemscope=\"itemscope\" itemtype=\"https:\/\/schema.org\/CreativeWork\" ><div class='avia_textblock'  itemprop=\"text\" ><p>Sie erhalten Ihre Rechnung per E-Mail.<br \/>\nBitte \u00fcberweisen Sie nach Erhalt der Rechnung auf folgendes Konto:<\/p>\n<\/div><\/section><br \/>\n\n<style type=\"text\/css\" data-created_by=\"avia_inline_auto\" id=\"style-css-av-av_hr-fbebcb4fe7f7f93a621d8b6783460008\">\n#top .hr.hr-invisible.av-av_hr-fbebcb4fe7f7f93a621d8b6783460008{\nheight:30px;\n}\n<\/style>\n<div  class='hr av-av_hr-fbebcb4fe7f7f93a621d8b6783460008 hr-invisible  avia-builder-el-4  el_after_av_textblock  el_before_av_icon_box '><span class='hr-inner '><span class=\"hr-inner-style\"><\/span><\/span><\/div><br \/>\n\n<style type=\"text\/css\" data-created_by=\"avia_inline_auto\" id=\"style-css-av-av_icon_box-57f5e33622b17aafb8e354d78456de93\">\n#top #wrap_all .iconbox.av-av_icon_box-57f5e33622b17aafb8e354d78456de93 .iconbox_content_title{\ncolor:#000000;\n}\n<\/style>\n<article  class='iconbox iconbox_left av-av_icon_box-57f5e33622b17aafb8e354d78456de93  avia-builder-el-5  el_after_av_hr  el_before_av_hr '  itemscope=\"itemscope\" itemtype=\"https:\/\/schema.org\/CreativeWork\" ><div class=\"iconbox_content\"><header class=\"entry-content-header\" aria-label=\"Icon: Unsere Kontodaten:\"><div class='iconbox_icon heading-color avia-iconfont avia-font-entypo-fontello' data-av_icon='\ue8cf' data-av_iconfont='entypo-fontello'  ><\/div><h3 class='iconbox_content_title '  itemprop=\"headline\" >Unsere Kontodaten:<\/h3><\/header><div class='iconbox_content_container '  itemprop=\"text\" ><p>herbstkind werbeagentur<br \/>\nStadtsparkasse F\u00fcrth<br \/>\nIBAN DE93 7625 0000 0040 7371 08<br \/>\nBIC BYLADEM1SFU<\/p>\n<p><strong>Bitte vergessen Sie bei \u00dcberweisung nicht, die Rechnungsnummer mit anzugeben!<\/strong><\/p>\n<\/div><\/div><footer class=\"entry-footer\"><\/footer><\/article><br \/>\n\n<style type=\"text\/css\" data-created_by=\"avia_inline_auto\" id=\"style-css-av-av_hr-fbebcb4fe7f7f93a621d8b6783460008\">\n#top .hr.hr-invisible.av-av_hr-fbebcb4fe7f7f93a621d8b6783460008{\nheight:30px;\n}\n<\/style>\n<div  class='hr av-av_hr-fbebcb4fe7f7f93a621d8b6783460008 hr-invisible  avia-builder-el-6  el_after_av_icon_box  el_before_av_team_member '><span class='hr-inner '><span class=\"hr-inner-style\"><\/span><\/span><\/div><br \/>\n<section  class='avia-team-member av-av_team_member-c53fbcd5a1f4bd16a2608b12144b2108  avia-builder-el-7  el_after_av_hr  avia-builder-el-last '  itemscope=\"itemscope\" itemtype=\"https:\/\/schema.org\/Person\" ><div class=\"team-img-container\"><img decoding=\"async\" fetchpriority=\"high\" class='wp-image-1790 avia-img-lazy-loading-not-1790 avia_image avia_image_team av-team-img-original' src=\"https:\/\/www.infue.de\/wp-content\/uploads\/2024\/11\/INFUE_Sabine.jpg\" alt='Sabine G\u00f6\u00dfelein'  itemprop=\"image\"   height=\"1022\" width=\"808\" srcset=\"https:\/\/www.infue.de\/wp-content\/uploads\/2024\/11\/INFUE_Sabine.jpg 808w, https:\/\/www.infue.de\/wp-content\/uploads\/2024\/11\/INFUE_Sabine-237x300.jpg 237w, https:\/\/www.infue.de\/wp-content\/uploads\/2024\/11\/INFUE_Sabine-768x971.jpg 768w, https:\/\/www.infue.de\/wp-content\/uploads\/2024\/11\/INFUE_Sabine-557x705.jpg 557w, https:\/\/www.infue.de\/wp-content\/uploads\/2024\/11\/INFUE_Sabine-450x569.jpg 450w\" sizes=\"(max-width: 808px) 100vw, 808px\" \/><\/div><h3 class='team-member-name '  itemprop=\"name\" >Sabine G\u00f6\u00dfelein<\/h3><div class='team-member-job-title '  itemprop=\"jobTitle\" >Ihr Ansprechpartner Rechnungsstellung<\/div><div class='team-member-description '  itemprop=\"description\" ><p>anzeigen@herbstkind-wa.de<\/p>\n<\/div><span class='hidden team-member-affiliation'  itemprop=\"affiliation\" >INF\u00dc<\/span><\/section><\/p><\/div><\/p>\n\n<style type=\"text\/css\" data-created_by=\"avia_inline_auto\" id=\"style-css-av-av_one_fourth-15d750bd1b332b34c6e70b077ebbccdf\">\n.flex_column.av-av_one_fourth-15d750bd1b332b34c6e70b077ebbccdf{\nborder-radius:0px 0px 0px 0px;\npadding:0px 0px 0px 0px;\n}\n<\/style>\n<div  class='flex_column av-av_one_fourth-15d750bd1b332b34c6e70b077ebbccdf av_one_fourth  avia-builder-el-8  el_after_av_one_third  avia-builder-el-last  first flex_column_div av-zero-column-padding  column-top-margin'     ><\/div>\n","protected":false},"excerpt":{"rendered":"","protected":false},"author":1,"featured_media":0,"parent":0,"menu_order":0,"comment_status":"closed","ping_status":"closed","template":"","meta":{"inline_featured_image":false,"_exactmetrics_skip_tracking":false,"_exactmetrics_sitenote_active":false,"_exactmetrics_sitenote_note":"","_exactmetrics_sitenote_category":0,"_monsterinsights_skip_tracking":false,"_monsterinsights_sitenote_active":false,"_monsterinsights_sitenote_note":"","_monsterinsights_sitenote_category":0,"footnotes":""},"class_list":["post-37","page","type-page","status-publish","hentry"],"_links":{"self":[{"href":"https:\/\/www.infue.de\/index.php\/wp-json\/wp\/v2\/pages\/37","targetHints":{"allow":["GET"]}}],"collection":[{"href":"https:\/\/www.infue.de\/index.php\/wp-json\/wp\/v2\/pages"}],"about":[{"href":"https:\/\/www.infue.de\/index.php\/wp-json\/wp\/v2\/types\/page"}],"author":[{"embeddable":true,"href":"https:\/\/www.infue.de\/index.php\/wp-json\/wp\/v2\/users\/1"}],"replies":[{"embeddable":true,"href":"https:\/\/www.infue.de\/index.php\/wp-json\/wp\/v2\/comments?post=37"}],"version-history":[{"count":46,"href":"https:\/\/www.infue.de\/index.php\/wp-json\/wp\/v2\/pages\/37\/revisions"}],"predecessor-version":[{"id":1818,"href":"https:\/\/www.infue.de\/index.php\/wp-json\/wp\/v2\/pages\/37\/revisions\/1818"}],"wp:attachment":[{"href":"https:\/\/www.infue.de\/index.php\/wp-json\/wp\/v2\/media?parent=37"}],"curies":[{"name":"wp","href":"https:\/\/api.w.org\/{rel}","templated":true}]}}