{"id":42,"date":"2018-03-07T15:26:53","date_gmt":"2018-03-07T14:26:53","guid":{"rendered":"https:\/\/stadtzeitung-fuerth.herbstkind-wa.de\/?page_id=42"},"modified":"2021-10-04T14:58:31","modified_gmt":"2021-10-04T12:58:31","slug":"werben-in-der-infue","status":"publish","type":"page","link":"https:\/\/www.infue.de\/index.php\/werben-in-der-infue\/","title":{"rendered":"Werben in der INF\u00dc"},"content":{"rendered":"\n<style type=\"text\/css\" data-created_by=\"avia_inline_auto\" id=\"style-css-av-av_one_full-15d750bd1b332b34c6e70b077ebbccdf\">\n.flex_column.av-av_one_full-15d750bd1b332b34c6e70b077ebbccdf{\nborder-radius:0px 0px 0px 0px;\npadding:0px 0px 0px 0px;\n}\n<\/style>\n<div  class='flex_column av-av_one_full-15d750bd1b332b34c6e70b077ebbccdf av_one_full  avia-builder-el-0  el_before_av_one_full  avia-builder-el-first  first flex_column_div av-zero-column-padding  '     ><section  class='av_textblock_section av-av_textblock-2de302bf1aa3cf4c9157dbe6f50ac7eb '   itemscope=\"itemscope\" itemtype=\"https:\/\/schema.org\/CreativeWork\" ><div class='avia_textblock'  itemprop=\"text\" ><h2><strong><span style=\"color: #00987a;\">Werben Sie in der INF\u00dc<\/span> <\/strong><\/h2>\n<\/div><\/section><\/div>\n\n<style type=\"text\/css\" data-created_by=\"avia_inline_auto\" id=\"style-css-av-av_one_full-15d750bd1b332b34c6e70b077ebbccdf\">\n.flex_column.av-av_one_full-15d750bd1b332b34c6e70b077ebbccdf{\nborder-radius:0px 0px 0px 0px;\npadding:0px 0px 0px 0px;\n}\n<\/style>\n<div  class='flex_column av-av_one_full-15d750bd1b332b34c6e70b077ebbccdf av_one_full  avia-builder-el-2  el_after_av_one_full  el_before_av_four_fifth  first flex_column_div av-zero-column-padding  column-top-margin'     ><style type=\"text\/css\" data-created_by=\"avia_inline_auto\" id=\"style-css-av-av_heading-93ce0d6afa4c37810d4bc56eb18e7c45\">\n#top .av-special-heading.av-av_heading-93ce0d6afa4c37810d4bc56eb18e7c45{\npadding-bottom:10px;\n}\nbody .av-special-heading.av-av_heading-93ce0d6afa4c37810d4bc56eb18e7c45 .av-special-heading-tag .heading-char{\nfont-size:25px;\n}\n.av-special-heading.av-av_heading-93ce0d6afa4c37810d4bc56eb18e7c45 .av-subheading{\nfont-size:15px;\n}\n<\/style>\n<div  class='av-special-heading av-av_heading-93ce0d6afa4c37810d4bc56eb18e7c45 av-special-heading-h3 blockquote modern-quote  avia-builder-el-3  avia-builder-el-no-sibling '><h3 class='av-special-heading-tag '  itemprop=\"headline\"  >Hier sind unsere Leser zuhause.<\/h3><div class='av-subheading av-subheading_below'><p>Verteilbezirke \/ Verteilte Exemplare<\/p>\n<\/div><div class=\"special-heading-border\"><div class=\"special-heading-inner-border\"><\/div><\/div><\/div><\/div>\n\n<style type=\"text\/css\" data-created_by=\"avia_inline_auto\" id=\"style-css-av-av_four_fifth-15d750bd1b332b34c6e70b077ebbccdf\">\n.flex_column.av-av_four_fifth-15d750bd1b332b34c6e70b077ebbccdf{\nborder-radius:0px 0px 0px 0px;\npadding:0px 0px 0px 0px;\n}\n<\/style>\n<div  class='flex_column av-av_four_fifth-15d750bd1b332b34c6e70b077ebbccdf av_four_fifth  avia-builder-el-4  el_after_av_one_full  el_before_av_one_full  first flex_column_div av-zero-column-padding  column-top-margin'     ><style type=\"text\/css\" data-created_by=\"avia_inline_auto\" id=\"style-css-sub-av-av_image_hotspot-c63816db03cf6160ef4aecfbe8938685\">\n.av-hotspot-image-container .av-image-hotspot.av-av_image_spot-d9446d3b36cce992271cfd77c1d7b3a9{\ntop:26.3%;\nleft:39.1%;\n}\n.av-hotspot-image-container .av-image-hotspot.av-av_image_spot-9b6a73f4b108c3da2804a5caeef9f7ad{\ntop:45.4%;\nleft:18.2%;\n}\n.av-hotspot-image-container .av-image-hotspot.av-av_image_spot-5c40c3178ade6cab4c5fce2c559299fc{\ntop:50%;\nleft:61.8%;\n}\n.av-hotspot-image-container .av-image-hotspot.av-av_image_spot-be871b4d5796ec9f513e94136b742869{\ntop:57.6%;\nleft:46.4%;\n}\n.av-hotspot-image-container .av-image-hotspot.av-av_image_spot-e9a593941369f485e49abdd9420736c4{\ntop:62.2%;\nleft:68.2%;\n}\n.av-hotspot-image-container .av-image-hotspot.av-av_image_spot-50b21edb1a5c18f04a273c189c8a02e2{\ntop:91.3%;\nleft:70.9%;\n}\n.av-hotspot-image-container .av-image-hotspot.av-av_image_spot-909add9b2c09b31f73c2c400eb7fc4ca{\ntop:67.6%;\nleft:30%;\n}\n.av-hotspot-image-container .av-image-hotspot.av-av_image_spot-651a94cdafb70038b8dbb9f61bd9ec5a{\ntop:60.7%;\nleft:86.4%;\n}\n.av-hotspot-image-container .av-image-hotspot.av-av_image_spot-7c8b5c7127207041aa68f9fed6c2e8ad{\ntop:36.2%;\nleft:84.5%;\n}\n.av-hotspot-image-container .av-image-hotspot.av-av_image_spot-8e2d5ac8da45bcdec1e3f4812ddf7482{\ntop:22.5%;\nleft:67.2%;\n}\n.av-hotspot-image-container .av-image-hotspot.av-av_image_spot-d26dd3812fc106d34a66daaa32eb5b5c{\ntop:73.7%;\nleft:75.4%;\n}\n.av-hotspot-image-container .av-image-hotspot.av-av_image_spot-e40a21da49908ad78be47bdbee6be785{\ntop:41.6%;\nleft:47.3%;\n}\n.av-hotspot-image-container .av-image-hotspot.av-av_image_spot-2192c14ad5974331718ebc5ccf34e552{\ntop:71.4%;\nleft:55.5%;\n}\n.av-hotspot-image-container .av-image-hotspot.av-av_image_spot-550777d1e01084701c9035d89432abe1{\ntop:12.6%;\nleft:44.6%;\n}\n<\/style>\n<div  class='av-hotspot-image-container av-av_image_hotspot-c63816db03cf6160ef4aecfbe8938685  avia-builder-el-5  avia-builder-el-no-sibling  av-hotspot-numbered av-permanent-tooltip avia_animated_image avia_animate_when_almost_visible fade-in av-mobile-fallback-active  av-non-fullwidth-hotspot-image'  itemprop=\"image\" itemscope=\"itemscope\" itemtype=\"https:\/\/schema.org\/ImageObject\" ><div class='av-hotspot-container'><div class='av-hotspot-container-inner-cell'><div class='av-hotspot-container-inner-wrap'><div class='av-image-hotspot av-av_image_spot-d9446d3b36cce992271cfd77c1d7b3a9 av-image-hotspot-1 av-permanent-tooltip' data-avia-tooltip-position='top' data-avia-tooltip-alignment='right' data-avia-tooltip-class='av-tt-large-width av-tt-pos-above av-tt-align-right  av-mobile-fallback-active  av-permanent-tooltip-single  main_color av-tooltip-shadow av-tt-hotspot' data-avia-tooltip='&lt;p&gt;Atzenhof, Ritzmannshof, Flexdorf&lt;br \/&gt;\n&lt;strong&gt;390&lt;\/strong&gt;&lt;\/p&gt;\n'><div class='av-image-hotspot_inner'>1<\/div><div class='av-image-hotspot-pulse'><\/div><\/div><div class='av-image-hotspot av-av_image_spot-9b6a73f4b108c3da2804a5caeef9f7ad av-image-hotspot-2 av-permanent-tooltip' data-avia-tooltip-position='top' data-avia-tooltip-alignment='right' data-avia-tooltip-class='av-tt-large-width av-tt-pos-above av-tt-align-right  av-mobile-fallback-active  av-permanent-tooltip-single  main_color av-tooltip-shadow av-tt-hotspot' data-avia-tooltip='&lt;p&gt;Burgfarrnbach&lt;br \/&gt;\n&lt;strong&gt;3.730&lt;\/strong&gt;&lt;\/p&gt;\n'><div class='av-image-hotspot_inner'>2<\/div><div class='av-image-hotspot-pulse'><\/div><\/div><div class='av-image-hotspot av-av_image_spot-5c40c3178ade6cab4c5fce2c559299fc av-image-hotspot-3 av-permanent-tooltip' data-avia-tooltip-position='top' data-avia-tooltip-alignment='left' data-avia-tooltip-class='av-tt-large-width av-tt-pos-above av-tt-align-left  av-mobile-fallback-active  av-permanent-tooltip-single  main_color av-tooltip-shadow av-tt-hotspot' data-avia-tooltip='&lt;p&gt;Eigenes Heim&lt;br \/&gt;\n&lt;strong&gt;6.370&lt;\/strong&gt;&lt;\/p&gt;\n'><div class='av-image-hotspot_inner'>3<\/div><div class='av-image-hotspot-pulse'><\/div><\/div><div class='av-image-hotspot av-av_image_spot-be871b4d5796ec9f513e94136b742869 av-image-hotspot-4 av-permanent-tooltip' data-avia-tooltip-position='left' data-avia-tooltip-alignment='centered' data-avia-tooltip-class='av-tt-large-width av-tt-pos-left av-tt-align-centered  av-mobile-fallback-active  av-permanent-tooltip-single  main_color av-tooltip-shadow av-tt-hotspot' data-avia-tooltip='&lt;p&gt;Hardh\u00f6he&lt;br \/&gt;\n&lt;strong&gt;4.590&lt;\/strong&gt;&lt;\/p&gt;\n'><div class='av-image-hotspot_inner'>4<\/div><div class='av-image-hotspot-pulse'><\/div><\/div><div class='av-image-hotspot av-av_image_spot-e9a593941369f485e49abdd9420736c4 av-image-hotspot-5 av-permanent-tooltip' data-avia-tooltip-position='top' data-avia-tooltip-alignment='left' data-avia-tooltip-class='av-tt-large-width av-tt-pos-above av-tt-align-left  av-mobile-fallback-active  av-permanent-tooltip-single  main_color av-tooltip-shadow av-tt-hotspot' data-avia-tooltip='&lt;p&gt;Innenstadt&lt;br \/&gt;\n&lt;strong&gt;12.980&lt;\/strong&gt;&lt;\/p&gt;\n'><div class='av-image-hotspot_inner'>5<\/div><div class='av-image-hotspot-pulse'><\/div><\/div><div class='av-image-hotspot av-av_image_spot-50b21edb1a5c18f04a273c189c8a02e2 av-image-hotspot-6 av-permanent-tooltip' data-avia-tooltip-position='left' data-avia-tooltip-alignment='centered' data-avia-tooltip-class='av-tt-large-width av-tt-pos-left av-tt-align-centered  av-mobile-fallback-active  av-permanent-tooltip-single  main_color av-tooltip-shadow av-tt-hotspot' data-avia-tooltip='&lt;p&gt;Kalbsiedlung&lt;br \/&gt;\n&lt;strong&gt;1.815&lt;\/strong&gt;&lt;\/p&gt;\n'><div class='av-image-hotspot_inner'>6<\/div><div class='av-image-hotspot-pulse'><\/div><\/div><div class='av-image-hotspot av-av_image_spot-909add9b2c09b31f73c2c400eb7fc4ca av-image-hotspot-7 av-permanent-tooltip' data-avia-tooltip-position='left' data-avia-tooltip-alignment='centered' data-avia-tooltip-class='av-tt-large-width av-tt-pos-left av-tt-align-centered  av-mobile-fallback-active  av-permanent-tooltip-single  main_color av-tooltip-shadow av-tt-hotspot' data-avia-tooltip='&lt;p&gt;Oberf\u00fcrberg&lt;br \/&gt;\n&lt;strong&gt;2.000&lt;\/strong&gt;&lt;\/p&gt;\n'><div class='av-image-hotspot_inner'>7<\/div><div class='av-image-hotspot-pulse'><\/div><\/div><div class='av-image-hotspot av-av_image_spot-651a94cdafb70038b8dbb9f61bd9ec5a av-image-hotspot-8 av-permanent-tooltip' data-avia-tooltip-position='bottom' data-avia-tooltip-alignment='left' data-avia-tooltip-class='av-tt-large-width av-tt-pos-below av-tt-align-left  av-mobile-fallback-active  av-permanent-tooltip-single  main_color av-tooltip-shadow av-tt-hotspot' data-avia-tooltip='&lt;p&gt;Poppenreuth, Espan&lt;br \/&gt;\n&lt;strong&gt;2.900&lt;\/strong&gt;&lt;\/p&gt;\n'><div class='av-image-hotspot_inner'>8<\/div><div class='av-image-hotspot-pulse'><\/div><\/div><div class='av-image-hotspot av-av_image_spot-7c8b5c7127207041aa68f9fed6c2e8ad av-image-hotspot-9 av-permanent-tooltip' data-avia-tooltip-position='top' data-avia-tooltip-alignment='left' data-avia-tooltip-class='av-tt-large-width av-tt-pos-above av-tt-align-left  av-mobile-fallback-active  av-permanent-tooltip-single  main_color av-tooltip-shadow av-tt-hotspot' data-avia-tooltip='&lt;p&gt;Ronhof, Sack, Bislohe, Braunsbach&lt;br \/&gt;\n&lt;strong&gt;7.610&lt;\/strong&gt;&lt;\/p&gt;\n'><div class='av-image-hotspot_inner'>9<\/div><div class='av-image-hotspot-pulse'><\/div><\/div><div class='av-image-hotspot av-av_image_spot-8e2d5ac8da45bcdec1e3f4812ddf7482 av-image-hotspot-10 av-permanent-tooltip' data-avia-tooltip-position='top' data-avia-tooltip-alignment='left' data-avia-tooltip-class='av-tt-large-width av-tt-pos-above av-tt-align-left  av-mobile-fallback-active  av-permanent-tooltip-single  main_color av-tooltip-shadow av-tt-hotspot' data-avia-tooltip='&lt;p&gt;Stadeln, Steinach, Mannhof&lt;br \/&gt;\n&lt;strong&gt;3.505&lt;\/strong&gt;&lt;\/p&gt;\n'><div class='av-image-hotspot_inner'>10<\/div><div class='av-image-hotspot-pulse'><\/div><\/div><div class='av-image-hotspot av-av_image_spot-d26dd3812fc106d34a66daaa32eb5b5c av-image-hotspot-11 av-permanent-tooltip' data-avia-tooltip-position='bottom' data-avia-tooltip-alignment='left' data-avia-tooltip-class='av-tt-large-width av-tt-pos-below av-tt-align-left  av-mobile-fallback-active  av-permanent-tooltip-single  main_color av-tooltip-shadow av-tt-hotspot' data-avia-tooltip='&lt;p&gt;S\u00fcdstadt&lt;br \/&gt;\n&lt;strong&gt;15.415&lt;\/strong&gt;&lt;\/p&gt;\n'><div class='av-image-hotspot_inner'>11<\/div><div class='av-image-hotspot-pulse'><\/div><\/div><div class='av-image-hotspot av-av_image_spot-e40a21da49908ad78be47bdbee6be785 av-image-hotspot-12 av-permanent-tooltip' data-avia-tooltip-position='top' data-avia-tooltip-alignment='centered' data-avia-tooltip-class='av-tt-large-width av-tt-pos-above av-tt-align-centered  av-mobile-fallback-active  av-permanent-tooltip-single  main_color av-tooltip-shadow av-tt-hotspot' data-avia-tooltip='&lt;p&gt;Unterfarrnbach&lt;br \/&gt;\n&lt;strong&gt;2.265&lt;\/strong&gt;&lt;\/p&gt;\n'><div class='av-image-hotspot_inner'>12<\/div><div class='av-image-hotspot-pulse'><\/div><\/div><div class='av-image-hotspot av-av_image_spot-2192c14ad5974331718ebc5ccf34e552 av-image-hotspot-13 av-permanent-tooltip' data-avia-tooltip-position='bottom' data-avia-tooltip-alignment='right' data-avia-tooltip-class='av-tt-large-width av-tt-pos-below av-tt-align-right  av-mobile-fallback-active  av-permanent-tooltip-single  main_color av-tooltip-shadow av-tt-hotspot' data-avia-tooltip='&lt;p&gt;Unterf\u00fcrberg, Dambach&lt;br \/&gt;\n&lt;strong&gt;2.540&lt;\/strong&gt;&lt;\/p&gt;\n'><div class='av-image-hotspot_inner'>13<\/div><div class='av-image-hotspot-pulse'><\/div><\/div><div class='av-image-hotspot av-av_image_spot-550777d1e01084701c9035d89432abe1 av-image-hotspot-14 av-permanent-tooltip' data-avia-tooltip-position='top' data-avia-tooltip-alignment='centered' data-avia-tooltip-class='av-tt-large-width av-tt-pos-above av-tt-align-centered  av-mobile-fallback-active  av-permanent-tooltip-single  main_color av-tooltip-shadow av-tt-hotspot' data-avia-tooltip='&lt;p&gt;Vach&lt;br \/&gt;\n&lt;strong&gt;1.435&lt;\/strong&gt;&lt;\/p&gt;\n'><div class='av-image-hotspot_inner'>14<\/div><div class='av-image-hotspot-pulse'><\/div><\/div><img decoding=\"async\" fetchpriority=\"high\" class='wp-image-263 avia-img-lazy-loading-not-263 avia_image' src=\"https:\/\/www.infue.de\/wp-content\/uploads\/2018\/03\/Stadtzeitung_fuerth_Karte.png\" alt='' title='Stadtzeitung_fuerth_Karte'  height=\"654\" width=\"550\"  itemprop=\"thumbnailUrl\"  \/><\/div><\/div><\/div><div class='av-hotspot-fallback-tooltip av-image-hotspot-1 av-permanent-tooltip'><div class=\"av-hotspot-fallback-tooltip-count\">1<div class=\"avia-arrow\"><\/div><\/div><div class=\"av-hotspot-fallback-tooltip-inner clearfix\"><p>\nAtzenhof, Ritzmannshof, Flexdorf<br \/>\n<strong>390<\/strong><\/p>\n<\/div><\/div><div class='av-hotspot-fallback-tooltip av-image-hotspot-2 av-permanent-tooltip'><div class=\"av-hotspot-fallback-tooltip-count\">2<div class=\"avia-arrow\"><\/div><\/div><div class=\"av-hotspot-fallback-tooltip-inner clearfix\"><p>\nBurgfarrnbach<br \/>\n<strong>3.730<\/strong><\/p>\n<\/div><\/div><div class='av-hotspot-fallback-tooltip av-image-hotspot-3 av-permanent-tooltip'><div class=\"av-hotspot-fallback-tooltip-count\">3<div class=\"avia-arrow\"><\/div><\/div><div class=\"av-hotspot-fallback-tooltip-inner clearfix\"><p>\nEigenes Heim<br \/>\n<strong>6.370<\/strong><\/p>\n<\/div><\/div><div class='av-hotspot-fallback-tooltip av-image-hotspot-4 av-permanent-tooltip'><div class=\"av-hotspot-fallback-tooltip-count\">4<div class=\"avia-arrow\"><\/div><\/div><div class=\"av-hotspot-fallback-tooltip-inner clearfix\"><p>\nHardh\u00f6he<br \/>\n<strong>4.590<\/strong><\/p>\n<\/div><\/div><div class='av-hotspot-fallback-tooltip av-image-hotspot-5 av-permanent-tooltip'><div class=\"av-hotspot-fallback-tooltip-count\">5<div class=\"avia-arrow\"><\/div><\/div><div class=\"av-hotspot-fallback-tooltip-inner clearfix\"><p>\nInnenstadt<br \/>\n<strong>12.980<\/strong><\/p>\n<\/div><\/div><div class='av-hotspot-fallback-tooltip av-image-hotspot-6 av-permanent-tooltip'><div class=\"av-hotspot-fallback-tooltip-count\">6<div class=\"avia-arrow\"><\/div><\/div><div class=\"av-hotspot-fallback-tooltip-inner clearfix\"><p>\nKalbsiedlung<br \/>\n<strong>1.815<\/strong><\/p>\n<\/div><\/div><div class='av-hotspot-fallback-tooltip av-image-hotspot-7 av-permanent-tooltip'><div class=\"av-hotspot-fallback-tooltip-count\">7<div class=\"avia-arrow\"><\/div><\/div><div class=\"av-hotspot-fallback-tooltip-inner clearfix\"><p>\nOberf\u00fcrberg<br \/>\n<strong>2.000<\/strong><\/p>\n<\/div><\/div><div class='av-hotspot-fallback-tooltip av-image-hotspot-8 av-permanent-tooltip'><div class=\"av-hotspot-fallback-tooltip-count\">8<div class=\"avia-arrow\"><\/div><\/div><div class=\"av-hotspot-fallback-tooltip-inner clearfix\"><p>\nPoppenreuth, Espan<br \/>\n<strong>2.900<\/strong><\/p>\n<\/div><\/div><div class='av-hotspot-fallback-tooltip av-image-hotspot-9 av-permanent-tooltip'><div class=\"av-hotspot-fallback-tooltip-count\">9<div class=\"avia-arrow\"><\/div><\/div><div class=\"av-hotspot-fallback-tooltip-inner clearfix\"><p>\nRonhof, Sack, Bislohe, Braunsbach<br \/>\n<strong>7.610<\/strong><\/p>\n<\/div><\/div><div class='av-hotspot-fallback-tooltip av-image-hotspot-10 av-permanent-tooltip'><div class=\"av-hotspot-fallback-tooltip-count\">10<div class=\"avia-arrow\"><\/div><\/div><div class=\"av-hotspot-fallback-tooltip-inner clearfix\"><p>\nStadeln, Steinach, Mannhof<br \/>\n<strong>3.505<\/strong><\/p>\n<\/div><\/div><div class='av-hotspot-fallback-tooltip av-image-hotspot-11 av-permanent-tooltip'><div class=\"av-hotspot-fallback-tooltip-count\">11<div class=\"avia-arrow\"><\/div><\/div><div class=\"av-hotspot-fallback-tooltip-inner clearfix\"><p>\nS\u00fcdstadt<br \/>\n<strong>15.415<\/strong><\/p>\n<\/div><\/div><div class='av-hotspot-fallback-tooltip av-image-hotspot-12 av-permanent-tooltip'><div class=\"av-hotspot-fallback-tooltip-count\">12<div class=\"avia-arrow\"><\/div><\/div><div class=\"av-hotspot-fallback-tooltip-inner clearfix\"><p>\nUnterfarrnbach<br \/>\n<strong>2.265<\/strong><\/p>\n<\/div><\/div><div class='av-hotspot-fallback-tooltip av-image-hotspot-13 av-permanent-tooltip'><div class=\"av-hotspot-fallback-tooltip-count\">13<div class=\"avia-arrow\"><\/div><\/div><div class=\"av-hotspot-fallback-tooltip-inner clearfix\"><p>\nUnterf\u00fcrberg, Dambach<br \/>\n<strong>2.540<\/strong><\/p>\n<\/div><\/div><div class='av-hotspot-fallback-tooltip av-image-hotspot-14 av-permanent-tooltip'><div class=\"av-hotspot-fallback-tooltip-count\">14<div class=\"avia-arrow\"><\/div><\/div><div class=\"av-hotspot-fallback-tooltip-inner clearfix\"><p>\nVach<br \/>\n<strong>1.435<\/strong><\/p>\n<\/div><\/div><\/div><\/div>\n\n<style type=\"text\/css\" data-created_by=\"avia_inline_auto\" id=\"style-css-av-av_one_full-15d750bd1b332b34c6e70b077ebbccdf\">\n.flex_column.av-av_one_full-15d750bd1b332b34c6e70b077ebbccdf{\nborder-radius:0px 0px 0px 0px;\npadding:0px 0px 0px 0px;\n}\n<\/style>\n<div  class='flex_column av-av_one_full-15d750bd1b332b34c6e70b077ebbccdf av_one_full  avia-builder-el-6  el_after_av_four_fifth  el_before_av_one_third  first flex_column_div av-zero-column-padding  '     ><section  class='av_textblock_section av-av_textblock-2de302bf1aa3cf4c9157dbe6f50ac7eb '   itemscope=\"itemscope\" itemtype=\"https:\/\/schema.org\/CreativeWork\" ><div class='avia_textblock'  itemprop=\"text\" ><p><span style=\"font-family: Open\\ Sans, sans-serif;\">Die INF\u00dc ist das offizielle Amtsblatt der Stadt F\u00fcrth und muss jedem F\u00fcrther ausgeh\u00e4ndigt werden. Durch seine Funktion hat die INF\u00dc einen sehr seri\u00f6sen Charakter und unterliegt dem Presserecht, was die Ver\u00f6ffentlichung von Werbung und redaktionellem Teil betrifft. Auf den ersten vier Seiten darf daher auch keine Werbung ver\u00f6ffentlicht werden. Die redaktionelle Information steht immer an erster Stelle. <\/span><\/p>\n<p><span style=\"font-family: Open\\ Sans, sans-serif;\">Laut einer Umfrage von 2016 ist das Amtblatt sehr beliebt und wird von der Bev\u00f6lkerung gerade, wenn es um die Ank\u00fcndigung von Veranstaltungen geht sehr gesch\u00e4tzt. <span style=\"font-size: small;\">(85% der Befragten gaben an, dass sie sich mit der Stadtzeitung \u00fcber die Ereignisse in F\u00fcrth informieren)<\/span><\/span><\/p>\n<p><span style=\"font-family: Open\\ Sans, sans-serif;\"><strong>Es gibt zahlreiche M\u00f6glichkeiten in der INF\u00dc zu werben.<\/strong> Sie k\u00f6nnen Anzeigen in Farbe oder Schwarzwei\u00df, ganzseitig oder ganz klein w\u00e4hlen oder Kleinanzeigen in den unterschiedlichsten Rubriken aufgeben.<\/span><\/p>\n<p><span style=\"font-family: Open\\ Sans, sans-serif;\">Lassen Sie sich von uns beraten, wir zeigen Ihnen gerne die M\u00f6glichkeiten, die f\u00fcr Sie und Ihr Gesch\u00e4ft am besten passen.<\/span><\/p>\n<\/div><\/section><\/div>\n\n<style type=\"text\/css\" data-created_by=\"avia_inline_auto\" id=\"style-css-av-av_one_third-15d750bd1b332b34c6e70b077ebbccdf\">\n.flex_column.av-av_one_third-15d750bd1b332b34c6e70b077ebbccdf{\nborder-radius:0px 0px 0px 0px;\npadding:0px 0px 0px 0px;\n}\n<\/style>\n<div  class='flex_column av-av_one_third-15d750bd1b332b34c6e70b077ebbccdf av_one_third  avia-builder-el-8  el_after_av_one_full  el_before_av_one_third  first flex_column_div av-zero-column-padding  column-top-margin'     ><article  class='iconbox iconbox_top av-av_icon_box-c8b2c315bc37d7df1a49e0175417e915  avia-builder-el-9  avia-builder-el-no-sibling  main_color'  itemscope=\"itemscope\" itemtype=\"https:\/\/schema.org\/CreativeWork\" ><div class=\"iconbox_content\"><header class=\"entry-content-header\" aria-label=\"Icon: Anzeige\"><a href='https:\/\/www.infue.de\/index.php\/anzeigenauftrag\/' title='Anzeige' aria-label='Anzeige'  class='iconbox_icon heading-color avia-iconfont avia-font-entypo-fontello' data-av_icon='\ue840' data-av_iconfont='entypo-fontello' title=\"Anzeige\" desc=\"Anzeige\" ><\/a><h3 class='iconbox_content_title '  itemprop=\"headline\" ><a href='https:\/\/www.infue.de\/index.php\/anzeigenauftrag\/' title='Anzeige' >Anzeige<\/a><\/h3><\/header><div class='iconbox_content_container '  itemprop=\"text\" ><p>Farbige Anzeigen in unterschiedlichsten Formaten<\/p>\n<\/div><\/div><footer class=\"entry-footer\"><\/footer><\/article><\/div>\n\n<style type=\"text\/css\" data-created_by=\"avia_inline_auto\" id=\"style-css-av-av_one_third-c8fc129dc35fd1ae2a1e410224d39ea8\">\n.flex_column.av-av_one_third-c8fc129dc35fd1ae2a1e410224d39ea8{\nborder-radius:0px 0px 0px 0px;\npadding:0px 0px 0px 0px;\n}\n<\/style>\n<div  class='flex_column av-av_one_third-c8fc129dc35fd1ae2a1e410224d39ea8 av_one_third  avia-builder-el-10  el_after_av_one_third  el_before_av_one_full  flex_column_div av-zero-column-padding  column-top-margin'     ><article  class='iconbox iconbox_top av-av_icon_box-dc51c53e498d963106eb4052f5901266  avia-builder-el-11  avia-builder-el-no-sibling  main_color'  itemscope=\"itemscope\" itemtype=\"https:\/\/schema.org\/CreativeWork\" ><div class=\"iconbox_content\"><header class=\"entry-content-header\" aria-label=\"Icon: Kleinanzeige\"><div class='iconbox_icon heading-color avia-iconfont avia-font-entypo-fontello' data-av_icon='\ue836' data-av_iconfont='entypo-fontello' title=\"Kleinanzeige\" desc=\"Kleinanzeige\" ><\/div><h3 class='iconbox_content_title '  itemprop=\"headline\" ><a href='https:\/\/www.infue.de\/index.php\/kleinanzeige-aufgeben\/' title='Kleinanzeige'  >Kleinanzeige<\/a><\/h3><\/header><div class='iconbox_content_container '  itemprop=\"text\" ><p>Textanzeige,<br \/>\nprivat oder gewerblich<\/p>\n<\/div><\/div><footer class=\"entry-footer\"><\/footer><\/article><\/div>\n\n<style type=\"text\/css\" data-created_by=\"avia_inline_auto\" id=\"style-css-av-av_one_full-15d750bd1b332b34c6e70b077ebbccdf\">\n.flex_column.av-av_one_full-15d750bd1b332b34c6e70b077ebbccdf{\nborder-radius:0px 0px 0px 0px;\npadding:0px 0px 0px 0px;\n}\n<\/style>\n<div  class='flex_column av-av_one_full-15d750bd1b332b34c6e70b077ebbccdf av_one_full  avia-builder-el-12  el_after_av_one_third  el_before_av_three_fifth  first flex_column_div av-zero-column-padding  column-top-margin'     ><div  class='hr av-av_hr-e74855403434f4ea5fd56c46f85eb030 hr-default  avia-builder-el-13  avia-builder-el-no-sibling '><span class='hr-inner '><span class=\"hr-inner-style\"><\/span><\/span><\/div><\/div>\n\n<style type=\"text\/css\" data-created_by=\"avia_inline_auto\" id=\"style-css-av-av_three_fifth-1a596b2ed278548bc3e08f3b61a40b9d\">\n.flex_column.av-av_three_fifth-1a596b2ed278548bc3e08f3b61a40b9d{\nborder-radius:0px 0px 0px 0px;\npadding:20px 20px 20px 20px;\nbackground-color:#efefef;\n}\n<\/style>\n<div  class='flex_column av-av_three_fifth-1a596b2ed278548bc3e08f3b61a40b9d av_three_fifth  avia-builder-el-14  el_after_av_one_full  avia-builder-el-last  first flex_column_div av-animated-generic pop-up  column-top-margin'     ><section  class='av_textblock_section av-av_textblock-2de302bf1aa3cf4c9157dbe6f50ac7eb '   itemscope=\"itemscope\" itemtype=\"https:\/\/schema.org\/CreativeWork\" ><div class='avia_textblock'  itemprop=\"text\" ><p>\u00dcbrigens: Anzeigen k\u00f6nnen Sie auch von uns gestalten lassen.<br \/>\n<a href=\"https:\/\/www.infue.w6c.de\/index.php\/kontakt\/\">Kontaktieren Sie uns.<\/a> Wir beraten Sie gern.<\/p>\n<\/div><\/section><\/div>\n","protected":false},"excerpt":{"rendered":"","protected":false},"author":1,"featured_media":0,"parent":0,"menu_order":0,"comment_status":"closed","ping_status":"closed","template":"","meta":{"inline_featured_image":false,"_exactmetrics_skip_tracking":false,"_exactmetrics_sitenote_active":false,"_exactmetrics_sitenote_note":"","_exactmetrics_sitenote_category":0,"_monsterinsights_skip_tracking":false,"_monsterinsights_sitenote_active":false,"_monsterinsights_sitenote_note":"","_monsterinsights_sitenote_category":0,"footnotes":""},"class_list":["post-42","page","type-page","status-publish","hentry"],"_links":{"self":[{"href":"https:\/\/www.infue.de\/index.php\/wp-json\/wp\/v2\/pages\/42","targetHints":{"allow":["GET"]}}],"collection":[{"href":"https:\/\/www.infue.de\/index.php\/wp-json\/wp\/v2\/pages"}],"about":[{"href":"https:\/\/www.infue.de\/index.php\/wp-json\/wp\/v2\/types\/page"}],"author":[{"embeddable":true,"href":"https:\/\/www.infue.de\/index.php\/wp-json\/wp\/v2\/users\/1"}],"replies":[{"embeddable":true,"href":"https:\/\/www.infue.de\/index.php\/wp-json\/wp\/v2\/comments?post=42"}],"version-history":[{"count":32,"href":"https:\/\/www.infue.de\/index.php\/wp-json\/wp\/v2\/pages\/42\/revisions"}],"predecessor-version":[{"id":1408,"href":"https:\/\/www.infue.de\/index.php\/wp-json\/wp\/v2\/pages\/42\/revisions\/1408"}],"wp:attachment":[{"href":"https:\/\/www.infue.de\/index.php\/wp-json\/wp\/v2\/media?parent=42"}],"curies":[{"name":"wp","href":"https:\/\/api.w.org\/{rel}","templated":true}]}}